{"id":1437,"date":"2026-03-12T11:35:34","date_gmt":"2026-03-12T10:35:34","guid":{"rendered":"https:\/\/codabox.com\/pour-qui\/entreprises\/brochure\/"},"modified":"2026-03-12T11:47:56","modified_gmt":"2026-03-12T10:47:56","slug":"brochure","status":"publish","type":"page","link":"https:\/\/codabox.com\/fr\/pour-qui\/entreprises\/brochure\/","title":{"rendered":"Brochure"},"content":{"rendered":"<!--\n    Title: Container\n    Mode: preview\n    SupportsJSX: true\n    Blueprint: false\n-->\n\n\n<div class=\"gc-container\">\n    <div class=\"acf-innerblocks-container\">\n<!--\n Title: Intro\n-->\n\n<section class=\"gc-intro\">\n    <!--\n    Title: Container\n    Mode: preview\n    SupportsJSX: true\n    Blueprint: false\n-->\n\n\n<div class=\"gc-container\">\n    <div class=\"gc-intro__wrapper\">\n            <div>\n                                <h1 class=\"gc-intro__title\">\n                    Merci de votre int\u00e9r\u00eat pour Codabox<br>\n                <\/h1>\n                            <\/div>\n                    <\/div>\n<\/div>\n<\/section>\n\n\n<!--\n    Title: Content with visual\n    HideFieldsInSidebar: true\n-->\n\n<section class=\"gc-cwv gc-cwv--is-reversed\">\n    <!--\n    Title: Container\n    Mode: preview\n    SupportsJSX: true\n    Blueprint: false\n-->\n\n\n<div class=\"gc-container gc-container--has-small-margin gc-container--small gc-cwv__container\">\n    <div class=\"gc-cwv__first-column\">\n            <figure class=\"gc-cwv__image-wrapper\">\n            <img decoding=\"async\" width=\"1024\" height=\"819\" src=\"https:\/\/cdn.codabox.com\/wp-content\/uploads\/DaphneMatthys-Codabox-05442_resultat_resultat-1024x819.webp\" class=\"gc-cwv__image\" alt=\"\" data-no-lazy=\"\" srcset=\"https:\/\/cdn.codabox.com\/wp-content\/uploads\/DaphneMatthys-Codabox-05442_resultat_resultat-1024x819.webp 1024w, https:\/\/cdn.codabox.com\/wp-content\/uploads\/DaphneMatthys-Codabox-05442_resultat_resultat-300x240.webp 300w, https:\/\/cdn.codabox.com\/wp-content\/uploads\/DaphneMatthys-Codabox-05442_resultat_resultat-768x614.webp 768w, https:\/\/cdn.codabox.com\/wp-content\/uploads\/DaphneMatthys-Codabox-05442_resultat_resultat.webp 1500w\" sizes=\"(max-width: 1024px) 100vw, 1024px\" \/>        <\/figure>\n            <\/div>\n        <div class=\"gc-cwv__second-column\">\n            <div class=\"gc-cwv__content\">\n                <h2 class=\"gc-cwv__title h2\">\n\t\tQui est Codabox ?\n\t<\/h2>        <div class=\"gc-cwv__text\">\n            <p>Codabox (by Wolters Kluwer) est une entreprise belge bas\u00e9e \u00e0 Louvain et fond\u00e9e en 2011. Codabox d\u00e9veloppe des solutions num\u00e9riques pour les comptables et les entreprises. <\/p>\n<p>Nous vous fournissons les donn\u00e9es essentielles pour g\u00e9rer votre comptabilit\u00e9 de mani\u00e8re vraiment \u00e9lectronique et efficace : extraits de comptes bancaires, relev\u00e9s de cartes de cr\u00e9dit et op\u00e9rations diverses de paie.<\/p>\n<p>Directement dans votre logiciel de comptabilit\u00e9, pr\u00eat \u00e0 \u00eatre trait\u00e9. L\u2019encodage manuel est rel\u00e9gu\u00e9 au pass\u00e9. Vous disposez ainsi de plus de temps pour vous concentrer sur votre entreprise. <\/p>\n\n        <\/div>\n            <\/div>\n        <\/div>\n<\/div>\n<\/section>\n\n<\/div>\n<\/div>\n<!--\n    Title: FAQ\n-->\n\n<section class=\"gc-faq gc-faq--blue\" x-data=\"faq\" itemscope=\"itemscope\" itemtype=\"https:\/\/schema.org\/FAQPage\">\n    <!--\n    Title: Container\n    Mode: preview\n    SupportsJSX: true\n    Blueprint: false\n-->\n\n\n<div class=\"gc-container gc-container--has-padding gc-faq__container\">\n    <div>\n            <h2 class=\"gc-faq__title\">\n                Quels sont les services propos\u00e9s par Codabox ?\n            <\/h2>\n        <\/div>\n\n        <ul class=\"gc-faq__list\">\n                            <li class=\"gc-faq__question-item\" itemscope itemprop=\"mainEntity\" itemtype=\"https:\/\/schema.org\/Question\"\n                    @click=\"toggle(1)\">\n                    <div class=\"gc-faq__question\">\n                        <span itemprop=\"name\">CODA : relev\u00e9s bancaires \u00e9lectroniques &#8211; PME<\/span>\n\n                        <div class=\"gc-faq__question-icon\" :class=\"1 === expanded &#038;&#038; 'gc-faq__question-icon--active'\">\n                            <svg class='gc-faq__icon' width=\"12\" height=\"12\" viewBox=\"0 0 12 12\" fill=\"none\" xmlns=\"http:\/\/www.w3.org\/2000\/svg\">\n<path fill-rule=\"evenodd\" clip-rule=\"evenodd\" d=\"M10.8002 4.24995L6.0002 9.29995L1.2002 4.29995L1.7502 3.69995L6.0002 8.14995L10.2502 3.69995L10.8002 4.24995Z\" fill=\"white\" stroke=\"currentColor\"\/>\n<\/svg>\n                        <\/div>\n                    <\/div>\n\n                    <div class=\"gc-faq__answer\" x-show=\"expanded === 1\" x-cloak x-collapse itemscope\n                        itemprop=\"acceptedAnswer\" itemtype=\"https:\/\/schema.org\/Answer\">\n                        <div class=\"gc-faq__answer-text\" itemprop=\"text\">\n                            <p>CODA est le standard belge qui permet l\u2019\u00e9change \u00e9lectronique des extraits de compte. Codabox r\u00e9cup\u00e8re quotidiennement ces fichiers aupr\u00e8s de votre\/vos banque(s) et les d\u00e9pose structur\u00e9s et pr\u00eats \u00e0 l\u2019emploi dans votre logiciel comptable.<\/p>\n<p><strong>Banques partenaires pour lesquelles vous pouvez recevoir des fichiers CODA : <\/strong><\/p>\n<p>Argenta \u2013 Belfius \u2013 Beobank \u2013 BNP Paribas Fortis \u2013 CBC \u2013 CPH \u2013 Crelan (Axa) \u2013 Europabank \u2013 Fintro (Groupe BNP Paribas) \u2013 ING \u2013 KBC \u2013 Nagelmackers \u2013 Banque Triodos \u2013 Banque Van Breda \u2013 vdk bank \u2013 Viva Wallet\u2026<\/p>\n\n                        <\/div>\n                    <\/div>\n                <\/li>\n                            <li class=\"gc-faq__question-item\" itemscope itemprop=\"mainEntity\" itemtype=\"https:\/\/schema.org\/Question\"\n                    @click=\"toggle(2)\">\n                    <div class=\"gc-faq__question\">\n                        <span itemprop=\"name\">CARO : relev\u00e9s \u00e9lectroniques de cartes de cr\u00e9dit<\/span>\n\n                        <div class=\"gc-faq__question-icon\" :class=\"2 === expanded &#038;&#038; 'gc-faq__question-icon--active'\">\n                            <svg class='gc-faq__icon' width=\"12\" height=\"12\" viewBox=\"0 0 12 12\" fill=\"none\" xmlns=\"http:\/\/www.w3.org\/2000\/svg\">\n<path fill-rule=\"evenodd\" clip-rule=\"evenodd\" d=\"M10.8002 4.24995L6.0002 9.29995L1.2002 4.29995L1.7502 3.69995L6.0002 8.14995L10.2502 3.69995L10.8002 4.24995Z\" fill=\"white\" stroke=\"currentColor\"\/>\n<\/svg>\n                        <\/div>\n                    <\/div>\n\n                    <div class=\"gc-faq__answer\" x-show=\"expanded === 2\" x-cloak x-collapse itemscope\n                        itemprop=\"acceptedAnswer\" itemtype=\"https:\/\/schema.org\/Answer\">\n                        <div class=\"gc-faq__answer-text\" itemprop=\"text\">\n                            <p>Avec CARO, vos relev\u00e9s de cartes de cr\u00e9dit professionnelles sont livr\u00e9s chaque mois sous forme \u00e9lectronique, au format PDF ou directement dans votre logiciel. Vous avez ainsi toujours une vue d\u2019ensemble et pouvez facilement et correctement r\u00e9concilier les diff\u00e9rentes transactions.<\/p>\n<p><strong>Banques partenaires pour lesquelles vous pouvez recevoir des fichiers CARO<\/strong><\/p>\n<p>Argenta \u2013 Banque Van Breda \u2013 Belfius \u2013 BNP Paribas Fortis \u2013 Crelan (AXA) \u2013 Fintro (Groupe BNP Paribas) \u2013 KBC\/CBC. Cette liste est r\u00e9guli\u00e8rement mise \u00e0 jour.<\/p>\n<p><strong>Pas de CARO sans CODA<\/strong><\/p>\n<p>CARO ne peut \u00eatre activ\u00e9 que si CODA est d\u00e9j\u00e0 actif pour vous.<\/p>\n\n                        <\/div>\n                    <\/div>\n                <\/li>\n                            <li class=\"gc-faq__question-item\" itemscope itemprop=\"mainEntity\" itemtype=\"https:\/\/schema.org\/Question\"\n                    @click=\"toggle(3)\">\n                    <div class=\"gc-faq__question\">\n                        <span itemprop=\"name\">SODA : \u00e9critures de paie &#8211; PME<\/span>\n\n                        <div class=\"gc-faq__question-icon\" :class=\"3 === expanded &#038;&#038; 'gc-faq__question-icon--active'\">\n                            <svg class='gc-faq__icon' width=\"12\" height=\"12\" viewBox=\"0 0 12 12\" fill=\"none\" xmlns=\"http:\/\/www.w3.org\/2000\/svg\">\n<path fill-rule=\"evenodd\" clip-rule=\"evenodd\" d=\"M10.8002 4.24995L6.0002 9.29995L1.2002 4.29995L1.7502 3.69995L6.0002 8.14995L10.2502 3.69995L10.8002 4.24995Z\" fill=\"white\" stroke=\"currentColor\"\/>\n<\/svg>\n                        <\/div>\n                    <\/div>\n\n                    <div class=\"gc-faq__answer\" x-show=\"expanded === 3\" x-cloak x-collapse itemscope\n                        itemprop=\"acceptedAnswer\" itemtype=\"https:\/\/schema.org\/Answer\">\n                        <div class=\"gc-faq__answer-text\" itemprop=\"text\">\n                            <p>Avec SODA, vous recevez automatiquement de votre secr\u00e9tariat social les donn\u00e9es \u00e9lectroniques relatives aux salaires, y compris les corrections \u00e9ventuelles et les informations analytiques. Gr\u00e2ce \u00e0 notre format standardis\u00e9, vous pouvez facilement traiter ces donn\u00e9es dans votre programme comptable.<\/p>\n<p><strong>Secr\u00e9tariats sociaux partenaires pour lesquels vous pouvez recevoir des fichiers SODA<\/strong><\/p>\n<p>Acerta \u2013 Attentia \u2013 Easypay Group \u2013 Group S \u2013 Liantis \u2013 Partena Professional \u2013 SD Worx \u2013 Securex \u2013 UCM \u2026 <strong>Pas de SODA sans CODA<\/strong> SODA ne peut \u00eatre activ\u00e9 que si CODA est d\u00e9j\u00e0 actif pour vous.<\/p>\n\n                        <\/div>\n                    <\/div>\n                <\/li>\n                    <\/ul>\n<\/div>\n<\/section>\n<!--\n    Title: Spacer\n    Blueprint: false\n-->\n\n<div class=\"gc-spacer\" style=\"--desktop-height: 60px; --mobile-height: 30px;\"><\/div>\n<!--\n    Title: Container\n    Mode: preview\n    SupportsJSX: true\n    Blueprint: false\n-->\n\n\n<div class=\"gc-container\">\n    <div class=\"acf-innerblocks-container\">\n\n<h2 class=\"wp-block-heading\">Prix<\/h2>\n\n\n\n<!-- Codabox \u2013 Tarieven voor ondernemers \u2013 inline styles -->\n<link href=\"https:\/\/fonts.googleapis.com\/css2?family=Fira+Sans:wght@300;400;500;700&#038;display=swap\" rel=\"stylesheet\"\/>\n\n<div style=\"font-family:'Fira Sans',-apple-system,BlinkMacSystemFont,'Segoe UI',Roboto,Helvetica,Arial,sans-serif;max-width:960px;margin:0 auto;padding:0 16px;\">\n\n  <!-- \u2500\u2500 BLOC 1 : Administratieve kosten \u2500\u2500 -->\n  <div style=\"font-size:11px;font-weight:700;text-transform:uppercase;letter-spacing:.08em;color:#000;opacity:.45;margin-bottom:10px;\">Frais administratifs <span style=\"font-weight:400;\">(non r\u00e9current)<\/span><\/div>\n\n  <div style=\"display:grid;grid-template-columns:repeat(3,1fr);gap:20px;margin-bottom:28px;\">\n\n    <!-- CODA -->\n    <div style=\"background:#ffffff;border:1px solid #d6d6d6;display:flex;flex-direction:column;\">\n      <div style=\"height:3px;background:#0d52ff;\"><\/div>\n      <div style=\"padding:14px 18px 12px;border-bottom:1px solid #d6d6d6;\">\n        <div style=\"display:inline-block;font-size:10px;font-weight:700;letter-spacing:.1em;text-transform:uppercase;padding:2px 8px;background:#0d52ff;color:#ffffff;\">CODA<\/div>\n      <\/div>\n      <div style=\"padding:14px 18px 16px;font-size:13px;color:#000;line-height:1.55;flex:1;\">\n        <span style=\"font-size:22px;font-weight:700;\">24\u20ac<\/span> <span style=\"opacity:.6;font-size:12px;\">par mandat<\/span><br\/> <br\/><span style=\"opacity:.6;\">un mandat par entreprise et par banque<\/span>\n      <\/div>\n    <\/div>\n\n    <!-- CARO -->\n    <div style=\"background:#ffffff;border:1px solid #d6d6d6;display:flex;flex-direction:column;\">\n      <div style=\"height:3px;background:#0d52ff;\"><\/div>\n      <div style=\"padding:14px 18px 12px;border-bottom:1px solid #d6d6d6;\">\n        <div style=\"display:inline-block;font-size:10px;font-weight:700;letter-spacing:.1em;text-transform:uppercase;padding:2px 8px;background:#0d52ff;color:#ffffff;\">CARO\u00ae<\/div>\n      <\/div>\n      <div style=\"padding:14px 18px 16px;font-size:13px;color:#000;line-height:1.55;flex:1;display:flex;align-items:center;\">\n        <span style=\"display:flex;align-items:center;gap:6px;color:#0d52ff;font-weight:500;\">\n          <svg width=\"16\" height=\"16\" viewbox=\"0 0 16 16\" fill=\"none\"><circle cx=\"8\" cy=\"8\" r=\"7\" stroke=\"currentColor\" stroke-width=\"1.5\"><\/circle><path d=\"M5 8.5l2 2 4-4\" stroke=\"currentColor\" stroke-width=\"1.5\" stroke-linecap=\"round\" stroke-linejoin=\"round\"><\/path><\/svg>\n Aucun frais d&#8217;activation\n        <\/span>\n      <\/div>\n    <\/div>\n\n    <!-- SODA -->\n    <div style=\"background:#ffffff;border:1px solid #d6d6d6;display:flex;flex-direction:column;\">\n      <div style=\"height:3px;background:#0d52ff;\"><\/div>\n      <div style=\"padding:14px 18px 12px;border-bottom:1px solid #d6d6d6;\">\n        <div style=\"display:inline-block;font-size:10px;font-weight:700;letter-spacing:.1em;text-transform:uppercase;padding:2px 8px;background:#0d52ff;color:#ffffff;\">SODA\u00ae<\/div>\n      <\/div>\n      <div style=\"padding:14px 18px 16px;font-size:13px;color:#000;line-height:1.55;flex:1;display:flex;align-items:center;\">\n        <span style=\"display:flex;align-items:center;gap:6px;color:#0d52ff;font-weight:500;\">\n          <svg width=\"16\" height=\"16\" viewbox=\"0 0 16 16\" fill=\"none\"><circle cx=\"8\" cy=\"8\" r=\"7\" stroke=\"currentColor\" stroke-width=\"1.5\"><\/circle><path d=\"M5 8.5l2 2 4-4\" stroke=\"currentColor\" stroke-width=\"1.5\" stroke-linecap=\"round\" stroke-linejoin=\"round\"><\/path><\/svg>\n Aucun frais d&#8217;activation\n        <\/span>\n      <\/div>\n    <\/div>\n\n  <\/div>\n\n  <!-- \u2500\u2500 BLOC 2 : Recurrente kosten \u2500\u2500 -->\n  <div style=\"font-size:11px;font-weight:700;text-transform:uppercase;letter-spacing:.08em;color:#000;opacity:.45;margin-bottom:10px;\">Frais r\u00e9currents <span style=\"font-weight:400;\">(mensuels)<\/span><\/div>\n\n  <div style=\"display:grid;grid-template-columns:repeat(3,1fr);gap:20px;\">\n\n    <!-- CODA recurring -->\n    <div style=\"background:#ffffff;border:1px solid #d6d6d6;display:flex;flex-direction:column;\">\n      <div style=\"height:3px;background:#0d52ff;\"><\/div>\n      <div style=\"padding:14px 18px 12px;border-bottom:1px solid #d6d6d6;\">\n        <div style=\"display:inline-block;font-size:10px;font-weight:700;letter-spacing:.1em;text-transform:uppercase;padding:2px 8px;background:#0d52ff;color:#ffffff;\">CODA<\/div>\n      <\/div>\n\n      <!-- Tiers -->\n      <div style=\"display:grid;grid-template-columns:1fr 1fr;border-bottom:1px solid #d6d6d6;flex:1;\">\n        <div style=\"padding:14px 14px 12px;border-right:1px solid #d6d6d6;\">\n          <div style=\"font-size:10px;font-weight:700;text-transform:uppercase;letter-spacing:.06em;color:#000;opacity:.4;margin-bottom:6px;\">1\u20132 compte(s) \u00e0 vue<\/div>\n          <div style=\"display:flex;align-items:baseline;gap:2px;\">\n            <span style=\"font-size:20px;font-weight:700;color:#000;\">9,91<\/span>\n<span style=\"font-size:10px;color:#000;opacity:.5;\">\u20ac\/mois<\/span>\n          <\/div>\n          <div style=\"font-size:10px;color:#000;opacity:.4;margin-top:2px;\">par compte \u00e0 vue<\/div>\n        <\/div>\n        <div style=\"padding:14px 14px 12px;background:#f5f5f5;\">\n          <div style=\"font-size:10px;font-weight:700;text-transform:uppercase;letter-spacing:.06em;color:#000;opacity:.4;margin-bottom:6px;\">3+ comptes \u00e0 vue<\/div>\n          <div style=\"display:flex;align-items:baseline;gap:2px;\">\n            <span style=\"font-size:20px;font-weight:700;color:#000;\">7,96<\/span>\n<span style=\"font-size:10px;color:#000;opacity:.5;\">\u20ac\/mois<\/span>\n          <\/div>\n          <div style=\"font-size:10px;color:#000;opacity:.4;margin-top:2px;\">par compte \u00e0 vue<\/div>\n        <\/div>\n      <\/div>\n\n      <!-- Notes -->\n      <div style=\"padding:10px 14px;font-size:11px;color:#000;opacity:.55;line-height:1.5;border-bottom:1px solid #d6d6d6;\">\n Si vous g\u00e9rez plusieurs entreprises sous un m\u00eame contrat Codabox, le nombre total de comptes \u00e0 vue d\u00e9termine le tarif CODA applicable.\n      <\/div>\n      <div style=\"padding:10px 14px;font-size:11px;display:flex;align-items:flex-start;gap:5px;color:#0d52ff;background:#e8eeff;\">\n        <svg width=\"12\" height=\"12\" viewbox=\"0 0 14 14\" fill=\"none\" style=\"flex-shrink:0;margin-top:1px;\"><circle cx=\"7\" cy=\"7\" r=\"6.25\" stroke=\"currentColor\" stroke-width=\"1.5\"><\/circle><path d=\"M7 4v3.5M7 9.5v.5\" stroke=\"currentColor\" stroke-width=\"1.5\" stroke-linecap=\"round\"><\/path><\/svg>\n        <span>CODA est gratuit pour les comptes d\u2019\u00e9pargne li\u00e9s \u00e0 un compte \u00e0 vue command\u00e9.<\/span>\n      <\/div>\n    <\/div>\n\n    <!-- CARO recurring -->\n    <div style=\"background:#ffffff;border:1px solid #d6d6d6;display:flex;flex-direction:column;\">\n      <div style=\"height:3px;background:#0d52ff;\"><\/div>\n      <div style=\"padding:14px 18px 12px;border-bottom:1px solid #d6d6d6;\">\n        <div style=\"display:inline-block;font-size:10px;font-weight:700;letter-spacing:.1em;text-transform:uppercase;padding:2px 8px;background:#0d52ff;color:#ffffff;\">CARO\u00ae<\/div>\n      <\/div>\n\n      <div style=\"display:grid;grid-template-columns:1fr 1fr;border-bottom:1px solid #d6d6d6;flex:1;\">\n        <div style=\"padding:14px 14px 12px;border-right:1px solid #d6d6d6;\">\n          <div style=\"font-size:10px;font-weight:700;text-transform:uppercase;letter-spacing:.06em;color:#000;opacity:.4;margin-bottom:6px;\">1\u20132 r\u00e9f\u00e9rence(s) client<\/div>\n          <div style=\"display:flex;align-items:baseline;gap:2px;\">\n            <span style=\"font-size:20px;font-weight:700;color:#000;\">9,91<\/span>\n<span style=\"font-size:10px;color:#000;opacity:.5;\">\u20ac\/mois<\/span>\n          <\/div>\n          <div style=\"font-size:10px;color:#000;opacity:.4;margin-top:2px;\">par r\u00e9f\u00e9rence client<\/div>\n        <\/div>\n        <div style=\"padding:14px 14px 12px;background:#f5f5f5;\">\n          <div style=\"font-size:10px;font-weight:700;text-transform:uppercase;letter-spacing:.06em;color:#000;opacity:.4;margin-bottom:6px;\">3+ r\u00e9f\u00e9rences<\/div>\n          <div style=\"display:flex;align-items:baseline;gap:2px;\">\n            <span style=\"font-size:20px;font-weight:700;color:#000;\">7,96<\/span>\n<span style=\"font-size:10px;color:#000;opacity:.5;\">\u20ac\/mois<\/span>\n          <\/div>\n          <div style=\"font-size:10px;color:#000;opacity:.4;margin-top:2px;\">par r\u00e9f\u00e9rence client<\/div>\n        <\/div>\n      <\/div>\n\n      <div style=\"padding:10px 14px;font-size:11px;color:#000;opacity:.55;line-height:1.5;\">\n Si vous g\u00e9rez plusieurs entreprises sous un m\u00eame contrat Codabox, le nombre total de r\u00e9f\u00e9rences clients d\u00e9termine le tarif CARO applicable.\n      <\/div>\n    <\/div>\n\n    <!-- SODA recurring -->\n    <div style=\"background:#ffffff;border:1px solid #d6d6d6;display:flex;flex-direction:column;\">\n      <div style=\"height:3px;background:#0d52ff;\"><\/div>\n      <div style=\"padding:14px 18px 12px;border-bottom:1px solid #d6d6d6;\">\n        <div style=\"display:inline-block;font-size:10px;font-weight:700;letter-spacing:.1em;text-transform:uppercase;padding:2px 8px;background:#0d52ff;color:#ffffff;\">SODA\u00ae<\/div>\n      <\/div>\n\n      <div style=\"display:grid;grid-template-columns:1fr 1fr;border-bottom:1px solid #d6d6d6;flex:1;\">\n        <div style=\"padding:14px 14px 12px;border-right:1px solid #d6d6d6;\">\n          <div style=\"font-size:10px;font-weight:700;text-transform:uppercase;letter-spacing:.06em;color:#000;opacity:.4;margin-bottom:6px;\">1\u20132 abonnements<\/div>\n          <div style=\"display:flex;align-items:baseline;gap:2px;\">\n            <span style=\"font-size:20px;font-weight:700;color:#000;\">9,91<\/span>\n<span style=\"font-size:10px;color:#000;opacity:.5;\">\u20ac\/mois<\/span>\n          <\/div>\n          <div style=\"font-size:10px;color:#000;opacity:.4;margin-top:2px;\">par abonnement<\/div>\n        <\/div>\n        <div style=\"padding:14px 14px 12px;background:#f5f5f5;\">\n          <div style=\"font-size:10px;font-weight:700;text-transform:uppercase;letter-spacing:.06em;color:#000;opacity:.4;margin-bottom:6px;\">3+ abonnements<\/div>\n          <div style=\"display:flex;align-items:baseline;gap:2px;\">\n            <span style=\"font-size:20px;font-weight:700;color:#000;\">7,96<\/span>\n<span style=\"font-size:10px;color:#000;opacity:.5;\">\u20ac\/mois<\/span>\n          <\/div>\n          <div style=\"font-size:10px;color:#000;opacity:.4;margin-top:2px;\">par abonnement<\/div>\n        <\/div>\n      <\/div>\n\n      <div style=\"padding:10px 14px;font-size:11px;color:#000;opacity:.55;line-height:1.5;\">\n Si vous g\u00e9rez plusieurs entreprises sous un m\u00eame contrat Codabox, le nombre total d\u2019abonnements d\u00e9termine le tarif SODA applicable.\n      <\/div>\n    <\/div>\n\n  <\/div>\n\n  <!-- Note bas de page -->\n  <div style=\"font-size:12px;color:#000;opacity:.5;line-height:1.8;padding:14px 0 0;\">\n *Tarifs <strong style=\"font-weight:600;opacity:1;\">HTVA<\/strong>\n  <\/div>\n\n<\/div>\n\n\n\n<h3 class=\"wp-block-heading\">Exemple de co\u00fbts mensuels<\/h3>\n\n\n\n<p><strong>L\u2019entreprise Transport Jean a : <\/strong><\/p>\n\n\n\n<ul class=\"wp-block-list\">\n<li>CODA pour 3 comptes courants<\/li>\n\n\n\n<li>CARO pour 1 r\u00e9f\u00e9rence client <\/li>\n<\/ul>\n\n\n\n<p>Transport Jean paie par mois :<\/p>\n\n\n\n<figure class=\"wp-block-table\"><table class=\"has-fixed-layout\"><tbody><tr><td><strong>Service<\/strong><\/td><td><strong>Nombre<\/strong><\/td><td><strong>Prix unitaire par mois<\/strong><\/td><\/tr><tr><td>CODA<\/td><td>3x<\/td><td>7,96\u20ac <\/td><\/tr><tr><td>CARO<\/td><td>1x<\/td><td>9,91\u20ac<\/td><\/tr><\/tbody><\/table><\/figure>\n\n\n\n<p>L\u2019entrepreneur de jardin Dujardin a 2 entreprises (Cr\u00e9ation Dujardin &amp; Entretien Dujardin) et a :<\/p>\n\n\n\n<ul class=\"wp-block-list\">\n<li>CODA pour 2 comptes courants pour Cr\u00e9ation Dujardin et 1 compte courant pour Entretien Dujardin <\/li>\n\n\n\n<li>CARO pour 1 r\u00e9f\u00e9rence client pour Cr\u00e9ation Dujardin<\/li>\n\n\n\n<li>SODA pour Cr\u00e9ation Dujardin et pour Entretien Dujardin <\/li>\n<\/ul>\n\n\n\n<p>Dujardin a un total de 3x CODA, 1x CARO et 2x SODA, et paie donc par mois :<\/p>\n\n\n\n<figure class=\"wp-block-table\"><table class=\"has-fixed-layout\"><tbody><tr><td><strong>Service<\/strong><\/td><td><strong>Nombre<\/strong><\/td><td><strong>Prix unitaire par mois<\/strong><\/td><\/tr><tr><td>CODA<\/td><td>3x<\/td><td>7,96\u20ac <\/td><\/tr><tr><td>CARO<\/td><td>1x<\/td><td>9,91\u20ac<\/td><\/tr><tr><td>SODA<\/td><td>2x<\/td><td>9,91\u20ac<\/td><\/tr><\/tbody><\/table><\/figure>\n\n<\/div>\n<\/div>\n<!--\n    Title: Spacer\n    Blueprint: false\n-->\n\n<div class=\"gc-spacer\" style=\"--desktop-height: 100px; --mobile-height: 50px;\"><\/div>\n","protected":false},"excerpt":{"rendered":"","protected":false},"author":3,"featured_media":0,"parent":809,"menu_order":0,"comment_status":"closed","ping_status":"closed","template":"","meta":{"_acf_changed":false,"footnotes":""},"class_list":["post-1437","page","type-page","status-publish","hentry"],"acf":[],"_links":{"self":[{"href":"https:\/\/codabox.com\/fr\/wp-json\/wp\/v2\/pages\/1437","targetHints":{"allow":["GET"]}}],"collection":[{"href":"https:\/\/codabox.com\/fr\/wp-json\/wp\/v2\/pages"}],"about":[{"href":"https:\/\/codabox.com\/fr\/wp-json\/wp\/v2\/types\/page"}],"author":[{"embeddable":true,"href":"https:\/\/codabox.com\/fr\/wp-json\/wp\/v2\/users\/3"}],"replies":[{"embeddable":true,"href":"https:\/\/codabox.com\/fr\/wp-json\/wp\/v2\/comments?post=1437"}],"version-history":[{"count":1,"href":"https:\/\/codabox.com\/fr\/wp-json\/wp\/v2\/pages\/1437\/revisions"}],"predecessor-version":[{"id":1438,"href":"https:\/\/codabox.com\/fr\/wp-json\/wp\/v2\/pages\/1437\/revisions\/1438"}],"up":[{"embeddable":true,"href":"https:\/\/codabox.com\/fr\/wp-json\/wp\/v2\/pages\/809"}],"wp:attachment":[{"href":"https:\/\/codabox.com\/fr\/wp-json\/wp\/v2\/media?parent=1437"}],"curies":[{"name":"wp","href":"https:\/\/api.w.org\/{rel}","templated":true}]}}