{"id":753,"date":"2026-02-17T17:12:04","date_gmt":"2026-02-17T16:12:04","guid":{"rendered":"https:\/\/codabox.com\/produits\/voila\/"},"modified":"2026-03-11T11:42:18","modified_gmt":"2026-03-11T10:42:18","slug":"voila","status":"publish","type":"page","link":"https:\/\/codabox.com\/fr\/produits\/voila\/","title":{"rendered":"VOILA"},"content":{"rendered":"<!--\n    Title: Hero\n-->\n\n<section class=\"gc-hero\">\n    <!--\n    Title: Container\n    Mode: preview\n    SupportsJSX: true\n    Blueprint: false\n-->\n\n\n<div class=\"gc-container\">\n    <div class=\"gc-hero__box\">\n                                        <div class=\"gc-breadcrumbs gc-hero__breadcrumbs\">\n    <nav aria-label=\"breadcrumbs\" class=\"rank-math-breadcrumb\"><p><\/p><\/nav><\/div>\n                        <h1 class=\"gc-hero__title\">\n                Les factures \u00e9lectroniques directement dans votre logiciel comptable\n            <\/h1>\n            <div class=\"gc-hero__content\">\n                <p>VOILA vous transmet automatiquement les factures \u00e9lectroniques de vos clients dans votre logiciel. Vous n&#8217;avez plus rien \u00e0 r\u00e9cup\u00e9rer, \u00e0 transf\u00e9rer ou \u00e0 rechercher. Tout est disponible l\u00e0 o\u00f9 vous en avez besoin. <\/p>\n\n            <\/div>\n\n                            <a\n        href=\"https:\/\/codabox.com\/fr\/contactez-nous\/\" class=\"gc-button gc-button--white gc-hero__button\">\n                    Commencer avec VOILA\n        \n                    <svg class='gc-button__icon' width=\"13\" height=\"13\" viewBox=\"0 0 13 13\" fill=\"none\" xmlns=\"http:\/\/www.w3.org\/2000\/svg\">\n<path d=\"M9.02018 7.04175H-0.000650823V5.29175H9.02018L4.93685 1.22925L6.16602 8.01086e-05L12.3327 6.16675L6.16602 12.3334L4.93685 11.1042L9.02018 7.04175Z\" fill=\"currentColor\"\/>\n<\/svg>\n            <\/a>\n                            <\/div>\n<\/div>\n    <img fetchpriority=\"high\" width=\"1500\" height=\"750\" src=\"https:\/\/cdn.codabox.com\/wp-content\/uploads\/DaphneMatthys-Codabox-05395_resultat_resultat.webp\" class=\"gc-hero__image\" alt=\"\" loading=\"eager\" decoding=\"sync\" srcset=\"https:\/\/cdn.codabox.com\/wp-content\/uploads\/DaphneMatthys-Codabox-05395_resultat_resultat.webp 1500w, https:\/\/cdn.codabox.com\/wp-content\/uploads\/DaphneMatthys-Codabox-05395_resultat_resultat-300x150.webp 300w, https:\/\/cdn.codabox.com\/wp-content\/uploads\/DaphneMatthys-Codabox-05395_resultat_resultat-1024x512.webp 1024w, https:\/\/cdn.codabox.com\/wp-content\/uploads\/DaphneMatthys-Codabox-05395_resultat_resultat-768x384.webp 768w\" sizes=\"(max-width: 1500px) 100vw, 1500px\" \/>\n<\/section>\n<!--\n    Title: Icons\n    HideFieldsInSidebar: true\n-->\n\n<section class=\"gc-icons\">\n    <!--\n    Title: Container\n    Mode: preview\n    SupportsJSX: true\n    Blueprint: false\n-->\n\n\n<div class=\"gc-container gc-container--has-margin\">\n    <div class=\"gc-icons__content\">\n                                    <h2>\n                        Les factures arrivent d&#039;elles-m\u00eames au bon endroit\n                    <\/h2>\n                \n                                    <div class=\"gc-icons__description\">\n                        <p>Avec VOILA, les factures arrivent via des r\u00e9seaux fiables comme PEPPOL et Zoomit. Toutes les donn\u00e9es sont class\u00e9es dans le bon dossier, pr\u00eates \u00e0 \u00eatre trait\u00e9es. <\/p>\n\n                    <\/div>\n                            <\/div>\n        \n                    <div class=\"gc-icons__list gc-icons__list--3\">\n                                    <div class=\"gc-icons__item\">\n                                                    <img decoding=\"async\" width=\"64\" height=\"64\" src=\"https:\/\/cdn.codabox.com\/wp-content\/uploads\/graph-up-basic.svg\" class=\"gc-icons__icon\" alt=\"\" \/>                        \n                                                    <h3 class=\"h4\">\n                                Plus de factures \u00e9lectroniques, moins de soucis\n                            <\/h3>\n                        \n                                                    <div>\n                                <p>Les factures \u00e9lectroniques UBL sont d\u00e9sormais la norme, pour tous les fournisseurs. VOILA g\u00e8re automatiquement ce flux entrant, sans boulot suppl\u00e9mentaire pour vous ou pour votre client. <\/p>\n\n                            <\/div>\n                                            <\/div>\n                                    <div class=\"gc-icons__item\">\n                                                    <img decoding=\"async\" width=\"64\" height=\"64\" src=\"https:\/\/cdn.codabox.com\/wp-content\/uploads\/briefcase-basic.svg\" class=\"gc-icons__icon\" alt=\"\" \/>                        \n                                                    <h3 class=\"h4\">\n                                Re\u00e7ue une fois, imput\u00e9e correctement<br>\n                            <\/h3>\n                        \n                                                    <div>\n                                <p>VOILA livre chaque facture une seule fois, dans un format uniforme. Cela garde vos dossiers lisibles et simplifie consid\u00e9rablement le traitement. <\/p>\n\n                            <\/div>\n                                            <\/div>\n                                    <div class=\"gc-icons__item\">\n                                                    <img decoding=\"async\" width=\"64\" height=\"64\" src=\"https:\/\/cdn.codabox.com\/wp-content\/uploads\/person-time-basic.svg\" class=\"gc-icons__icon\" alt=\"\" \/>                        \n                                                    <h3 class=\"h4\">\n                                En parfaite harmonie avec CODA, CARO et SODA\n                            <\/h3>\n                        \n                                                    <div>\n                                <p>VOILA s&#8217;articule parfaitement avec vos autres services Codabox. Vous disposez ainsi de tous les documents de base pour une comptabilit\u00e9 \u00e9lectronique sans souci. <\/p>\n\n                            <\/div>\n                                            <\/div>\n                            <\/div>\n<\/div>\n<\/section>\n<!--\n    Title: Testimonials\n-->\n\n<section class=\"gc-testimonials\" x-data=\"testimonials\">\n    <!--\n    Title: Container\n    Mode: preview\n    SupportsJSX: true\n    Blueprint: false\n-->\n\n\n<div class=\"gc-container gc-container--has-margin gc-container--small\">\n    <div class=\"gc-testimonials__box\">\n                                        <div class=\"splide\" x-ref=\"slider\">\n                    <div class=\"gc-testimonials__track splide__track\">\n                        <ul class=\"splide__list gc-testimonials__list\">\n                                                            <li class=\"splide__slide gc-testimonials__item\">\n                                    <q class=\"h1\">Codabox, c\u2019est indispensable. On ne pourrait pas s\u2019en passer aujourd\u2019hui. Si un bureau comptable veut fonctionner correctement, je pense qu\u2019il a besoin d\u2019une solution comme celle-l\u00e0. Grand ou petit bureau, ce serait dommage de s\u2019en passer.  <\/q>\n                                    <div class=\"gc-testimonials__info\">\n                                        <img decoding=\"async\" width=\"150\" height=\"150\" src=\"https:\/\/cdn.codabox.com\/wp-content\/uploads\/lieutenant-guillaume-150x150.jpg\" class=\"gc-testimonials__photo\" alt=\"\" \/>                                        <div><strong>Alexander Peccoux<\/strong>, COO\nLieutenant Guillaume<\/div>\n                                    <\/div>\n                                <\/li>\n                                                    <\/ul>\n                    <\/div>\n                <\/div>\n            \n            \n                    <\/div>\n<\/div>\n<\/section>\n<!--\n    Title: Steps\n    HideFieldsInSidebar: true\n-->\n\n<section class=\"gc-steps gc-steps--blue\">\n    <!--\n    Title: Container\n    Mode: preview\n    SupportsJSX: true\n    Blueprint: false\n-->\n\n\n<div class=\"gc-container gc-container--has-padding\">\n    <div class=\"gc-steps__content\">\n                                    <h2>\n                        Comment fonctionne <strong>VOILA ?<\/strong>\n\n                    <\/h2>\n                \n                            <\/div>\n        \n                    <div class=\"gc-steps__list\">\n                                    <div class=\"gc-steps__item\">\n                        <span class=\"gc-steps__number h4\">1<\/span>\n\n                                                    <h3 class=\"h4\">\n                                Activer VOILA\n                            <\/h3>\n                        \n                                                    <div>\n                                <p>Vous choisissez pour quels clients vous souhaitez recevoir des factures \u00e9lectroniques. Nous pr\u00e9parons tout et votre client re\u00e7oit automatiquement une confirmation. <\/p>\n\n                            <\/div>\n                                            <\/div>\n                                    <div class=\"gc-steps__item\">\n                        <span class=\"gc-steps__number h4\">2<\/span>\n\n                                                    <h3 class=\"h4\">\n                                R\u00e9cup\u00e9ration des factures \u00e0 la source\n                            <\/h3>\n                        \n                                                    <div>\n                                <p>VOILA r\u00e9cup\u00e8re les factures \u00e9lectroniques aupr\u00e8s de tous les fournisseurs et r\u00e9seaux connect\u00e9s. Enti\u00e8rement automatiquement, vous n&#8217;avez rien \u00e0 faire&nbsp;! <\/p>\n\n                            <\/div>\n                                            <\/div>\n                                    <div class=\"gc-steps__item\">\n                        <span class=\"gc-steps__number h4\">3<\/span>\n\n                                                    <h3 class=\"h4\">\n                                Automatiquement dans votre logiciel\n                            <\/h3>\n                        \n                                                    <div>\n                                <p>Les factures arrivent bien class\u00e9es dans le bon dossier et sont imm\u00e9diatement pr\u00eates \u00e0 \u00eatre trait\u00e9es.<\/p>\n\n                            <\/div>\n                                            <\/div>\n                            <\/div>\n        \n                    <div class=\"gc-steps__bottom\">\n                <a href=\"https:\/\/codabox.com\/fr\/contactez-nous\/\" class=\"gc-button gc-button--blue\">\n                    Essayez VOILA par vous-m\u00eame\n        \n                    <svg class='gc-button__icon' width=\"13\" height=\"13\" viewBox=\"0 0 13 13\" fill=\"none\" xmlns=\"http:\/\/www.w3.org\/2000\/svg\">\n<path d=\"M9.02018 7.04175H-0.000650823V5.29175H9.02018L4.93685 1.22925L6.16602 8.01086e-05L12.3327 6.16675L6.16602 12.3334L4.93685 11.1042L9.02018 7.04175Z\" fill=\"currentColor\"\/>\n<\/svg>\n            <\/a>\n                    <\/div>\n<\/div>\n<\/section>\n<!--\n    Title: Numbers\n    HideFieldsInSidebar: true\n-->\n\n<section class=\"gc-numbers\">\n    <!--\n    Title: Container\n    Mode: preview\n    SupportsJSX: true\n    Blueprint: false\n-->\n\n\n<div class=\"gc-container gc-container--has-margin gc-container--smaller\">\n    <div class=\"gc-numbers__title h5\">\n                VOILA EN CHIFFRES\n            <\/div>\n        \n                    <div class=\"gc-numbers__list\">\n                                    <div class=\"gc-numbers__item\">\n                                                    <div class=\"gc-numbers__number h2\">\n                                +100.000\n                            <\/div>\n                        \n                                                    <div>\n                                Mandats VOILA actifs\n                            <\/div>\n                                            <\/div>\n                            <\/div>\n<\/div>\n<\/section>\n<!--\n    Title: FAQ\n-->\n\n<section class=\"gc-faq gc-faq--blue\" x-data=\"faq\" itemscope=\"itemscope\" itemtype=\"https:\/\/schema.org\/FAQPage\">\n    <!--\n    Title: Container\n    Mode: preview\n    SupportsJSX: true\n    Blueprint: false\n-->\n\n\n<div class=\"gc-container gc-container--has-padding gc-faq__container\">\n    <div>\n            <h2 class=\"gc-faq__title\">\n                Questions fr\u00e9quentes \u00e0 propos de VOILA\n            <\/h2>\n        <\/div>\n\n        <ul class=\"gc-faq__list\">\n                            <li class=\"gc-faq__question-item\" itemscope itemprop=\"mainEntity\" itemtype=\"https:\/\/schema.org\/Question\"\n                    @click=\"toggle(1)\">\n                    <div class=\"gc-faq__question\">\n                        <span itemprop=\"name\">Comment contacter Codabox ?<\/span>\n\n                        <div class=\"gc-faq__question-icon\" :class=\"1 === expanded &#038;&#038; 'gc-faq__question-icon--active'\">\n                            <svg class='gc-faq__icon' width=\"12\" height=\"12\" viewBox=\"0 0 12 12\" fill=\"none\" xmlns=\"http:\/\/www.w3.org\/2000\/svg\">\n<path fill-rule=\"evenodd\" clip-rule=\"evenodd\" d=\"M10.8002 4.24995L6.0002 9.29995L1.2002 4.29995L1.7502 3.69995L6.0002 8.14995L10.2502 3.69995L10.8002 4.24995Z\" fill=\"white\" stroke=\"currentColor\"\/>\n<\/svg>\n                        <\/div>\n                    <\/div>\n\n                    <div class=\"gc-faq__answer\" x-show=\"expanded === 1\" x-cloak x-collapse itemscope\n                        itemprop=\"acceptedAnswer\" itemtype=\"https:\/\/schema.org\/Answer\">\n                        <div class=\"gc-faq__answer-text\" itemprop=\"text\">\n                            <p>Vous pouvez contacter notre service d\u2019assistance des mani\u00e8res suivantes :<\/p>\n<ul>\n<li>E-mail : <a href=\"mailto:helpdesk@codabox.com\">helpdesk@codabox.com<\/a><\/li>\n<li>T\u00e9l\u00e9phone : <a href=\"tel:003228808480\">+32 2 880 84 80<\/a><\/li>\n<li>Via <a href=\"https:\/\/www.codabox.com\/fr\/contactez-nous\/\">ce formulaire en ligne<\/a><\/li>\n<\/ul>\n<p>Pour toute question d\u2019ordre g\u00e9n\u00e9ral, vous pouvez \u00e9galement nous envoyer un message priv\u00e9 via nos r\u00e9seaux sociaux :<\/p>\n<ul>\n<li><a href=\"https:\/\/www.facebook.com\/codabox\" target=\"_blank\" rel=\"noopener\">Facebook<\/a><\/li>\n<li><a href=\"https:\/\/www.instagram.com\/lifeatcodabox\/\" target=\"_blank\" rel=\"noopener\">Instagram<\/a><\/li>\n<\/ul>\n\n                        <\/div>\n                    <\/div>\n                <\/li>\n                    <\/ul>\n<\/div>\n<\/section>\n<!--\n    Title: Grid Boxes\n    HideFieldsInSidebar: true\n-->\n\n<section class=\"gc-grid-boxes\">\n    <!--\n    Title: Container\n    Mode: preview\n    SupportsJSX: true\n    Blueprint: false\n-->\n\n\n<div class=\"gc-container gc-container--has-margin\">\n    <div class=\"gc-grid-boxes__content\">\n                                    <h2>\n                        Rendez votre compta encore plus <strong>performante<\/strong>\n\n                    <\/h2>\n                                                    <div>\n                        <p>Gagnez encore plus de temps en automatisant vos autres flux administratifs.<\/p>\n\n                    <\/div>\n                            <\/div>\n        \n                    <div class=\"gc-grid-boxes__list\">\n                                    <div class=\"gc-grid-boxes__item\">\n                                                    <div class=\"gc-grid-boxes__uppertitle h5\">\n                                SODA \u00b7 exclusivement chez Codabox !\n                            <\/div>\n                        \n                                                    <h3 class=\"h4\">\n                                Recevez les OD de paie directement de tous les secr\u00e9tariats sociaux\n                            <\/h3>\n                        \n                                                    <div>\n                                <p>Toutes les donn\u00e9es salariales automatiquement dans un aper\u00e7u, pour un co\u00fbt mensuel fixe.<\/p>\n\n                            <\/div>\n                        \n                                                                                    <a href=\"https:\/\/codabox.com\/fr\/produits\/soda\/\" class=\"gc-grid-boxes__arrow\">\n        \n                    <svg class='gc-grid-boxes__arrow-icon' width=\"13\" height=\"13\" viewBox=\"0 0 13 13\" fill=\"none\" xmlns=\"http:\/\/www.w3.org\/2000\/svg\">\n<path d=\"M9.02018 7.04175H-0.000650823V5.29175H9.02018L4.93685 1.22925L6.16602 8.01086e-05L12.3327 6.16675L6.16602 12.3334L4.93685 11.1042L9.02018 7.04175Z\" fill=\"currentColor\"\/>\n<\/svg>\n            <\/a>\n                                                                        <\/div>\n                                    <div class=\"gc-grid-boxes__item\">\n                                                    <div class=\"gc-grid-boxes__uppertitle h5\">\n                                VOICI \u00b7 gratuit et inclus avec CODA\n                            <\/div>\n                        \n                                                    <h3 class=\"h4\">\n                                Recevez les factures de vente de vos clients dans votre propre logiciel.\n                            <\/h3>\n                        \n                                                    <div>\n                                <p>Enti\u00e8rement gratuit et inclus avec CODA.<\/p>\n\n                            <\/div>\n                        \n                                                                                    <a href=\"https:\/\/codabox.com\/fr\/produits\/voici\/\" class=\"gc-grid-boxes__arrow\">\n        \n                    <svg class='gc-grid-boxes__arrow-icon' width=\"13\" height=\"13\" viewBox=\"0 0 13 13\" fill=\"none\" xmlns=\"http:\/\/www.w3.org\/2000\/svg\">\n<path d=\"M9.02018 7.04175H-0.000650823V5.29175H9.02018L4.93685 1.22925L6.16602 8.01086e-05L12.3327 6.16675L6.16602 12.3334L4.93685 11.1042L9.02018 7.04175Z\" fill=\"currentColor\"\/>\n<\/svg>\n            <\/a>\n                                                                        <\/div>\n                                    <div class=\"gc-grid-boxes__item\">\n                                                    <div class=\"gc-grid-boxes__uppertitle h5\">\n                                CODA \u00b7 exclusivement chez Codabox !\n                            <\/div>\n                        \n                                                    <h3 class=\"h4\">\n                                Les extraits de compte automatiquement dans votre solution comptable\n                            <\/h3>\n                        \n                        \n                                                                                    <a href=\"https:\/\/codabox.com\/fr\/produits\/coda\/\" class=\"gc-grid-boxes__arrow\">\n        \n                    <svg class='gc-grid-boxes__arrow-icon' width=\"13\" height=\"13\" viewBox=\"0 0 13 13\" fill=\"none\" xmlns=\"http:\/\/www.w3.org\/2000\/svg\">\n<path d=\"M9.02018 7.04175H-0.000650823V5.29175H9.02018L4.93685 1.22925L6.16602 8.01086e-05L12.3327 6.16675L6.16602 12.3334L4.93685 11.1042L9.02018 7.04175Z\" fill=\"currentColor\"\/>\n<\/svg>\n            <\/a>\n                                                                        <\/div>\n                            <\/div>\n        \n                    <div class=\"gc-grid-boxes__bottom\">\n                <a href=\"https:\/\/codabox.com\/fr\/contactez-nous\/\" class=\"gc-button gc-button--blue\">\n                    Contactez-nous\n        \n                    <svg class='gc-button__icon' width=\"13\" height=\"13\" viewBox=\"0 0 13 13\" fill=\"none\" xmlns=\"http:\/\/www.w3.org\/2000\/svg\">\n<path d=\"M9.02018 7.04175H-0.000650823V5.29175H9.02018L4.93685 1.22925L6.16602 8.01086e-05L12.3327 6.16675L6.16602 12.3334L4.93685 11.1042L9.02018 7.04175Z\" fill=\"currentColor\"\/>\n<\/svg>\n            <\/a>\n                    <\/div>\n<\/div>\n<\/section>\n<!--\n    Title: Grid Boxes\n    HideFieldsInSidebar: true\n-->\n\n<section class=\"gc-grid-boxes gc-grid-boxes--blue\">\n    <!--\n    Title: Container\n    Mode: preview\n    SupportsJSX: true\n    Blueprint: false\n-->\n\n\n<div class=\"gc-container gc-container--has-padding\">\n    <div class=\"gc-grid-boxes__content\">\n                                    <h2>\n                        D\u00e9couvrez par vous-m\u00eame \u00e0 quel point l&#8217;administration \u00e9lectronique peut \u00eatre <strong>simple<\/strong>\n\n                    <\/h2>\n                                            <\/div>\n        \n                    <div class=\"gc-grid-boxes__list\">\n                                    <div class=\"gc-grid-boxes__item\">\n                        \n                                                    <h3 class=\"h4\">\n                                On vous rappelle avec plaisir&nbsp;!\n                            <\/h3>\n                        \n                                                    <div>\n                                <p>Posez vos questions, recevez des conseils clairs et d\u00e9couvrez si Codabox correspond \u00e0 votre fa\u00e7on de travailler. On vous recontacte rapidement. <\/p>\n\n                            <\/div>\n                        \n                                                                                    <a href=\"https:\/\/codabox.com\/fr\/demarrer-comptables\/\" class=\"gc-button gc-button--border gc-grid-boxes__item-button\">\n                    Discutons-en\n        \n            <\/a>\n                                                                                <\/div>\n                                    <div class=\"gc-grid-boxes__item\">\n                        \n                                                    <h3 class=\"h4\">\n                                Bekijk onze demo\n                            <\/h3>\n                        \n                                                    <div>\n                                <p>Wil je liever zelf even kijken hoe Codabox werkt? Dat kan! <\/p>\n\n                            <\/div>\n                        \n                                                                                    <a href=\"https:\/\/codabox.com\/fr\/demarrer-comptables\/\" class=\"gc-button gc-button--border gc-grid-boxes__item-button\">\n                    Bekijk de demo\n        \n            <\/a>\n                                                                                <\/div>\n                                    <div class=\"gc-grid-boxes__item\">\n                        \n                                                    <h3 class=\"h4\">\n                                D\u00e9j\u00e0 client ? Activez les services Codabox&nbsp;! \n                            <\/h3>\n                        \n                                                    <div>\n                                <p>Connectez-vous sur MyCodabox et activez CARO ou SODA pour vos clients.<\/p>\n\n                            <\/div>\n                        \n                                                                                    <a href=\"https:\/\/mycodabox.com\/\" target=\"_blank\" class=\"gc-button gc-button--border gc-grid-boxes__item-button\">\n                    Nous vous guidons\n        \n            <\/a>\n                                                                                <\/div>\n                            <\/div>\n<\/div>\n<\/section>\n","protected":false},"excerpt":{"rendered":"","protected":false},"author":1,"featured_media":0,"parent":716,"menu_order":0,"comment_status":"closed","ping_status":"closed","template":"","meta":{"_acf_changed":false,"footnotes":""},"class_list":["post-753","page","type-page","status-publish","hentry"],"acf":[],"_links":{"self":[{"href":"https:\/\/codabox.com\/fr\/wp-json\/wp\/v2\/pages\/753","targetHints":{"allow":["GET"]}}],"collection":[{"href":"https:\/\/codabox.com\/fr\/wp-json\/wp\/v2\/pages"}],"about":[{"href":"https:\/\/codabox.com\/fr\/wp-json\/wp\/v2\/types\/page"}],"author":[{"embeddable":true,"href":"https:\/\/codabox.com\/fr\/wp-json\/wp\/v2\/users\/1"}],"replies":[{"embeddable":true,"href":"https:\/\/codabox.com\/fr\/wp-json\/wp\/v2\/comments?post=753"}],"version-history":[{"count":4,"href":"https:\/\/codabox.com\/fr\/wp-json\/wp\/v2\/pages\/753\/revisions"}],"predecessor-version":[{"id":1356,"href":"https:\/\/codabox.com\/fr\/wp-json\/wp\/v2\/pages\/753\/revisions\/1356"}],"up":[{"embeddable":true,"href":"https:\/\/codabox.com\/fr\/wp-json\/wp\/v2\/pages\/716"}],"wp:attachment":[{"href":"https:\/\/codabox.com\/fr\/wp-json\/wp\/v2\/media?parent=753"}],"curies":[{"name":"wp","href":"https:\/\/api.w.org\/{rel}","templated":true}]}}