{"id":766,"date":"2026-02-07T13:14:40","date_gmt":"2026-02-07T12:14:40","guid":{"rendered":"https:\/\/codabox.com\/codabox-academy\/"},"modified":"2026-03-03T10:54:28","modified_gmt":"2026-03-03T09:54:28","slug":"codabox-academy","status":"publish","type":"page","link":"https:\/\/codabox.com\/fr\/codabox-academy\/","title":{"rendered":"Codabox Academy"},"content":{"rendered":"<!--\n Title: Intro\n-->\n\n<section class=\"gc-intro\">\n    <!--\n    Title: Container\n    Mode: preview\n    SupportsJSX: true\n    Blueprint: false\n-->\n\n\n<div class=\"gc-container\">\n    <div class=\"gc-intro__wrapper\">\n            <div>\n                                <h1 class=\"gc-intro__title\">\n                    Codabox Academy\n                <\/h1>\n                            <\/div>\n                    <\/div>\n<\/div>\n<\/section>\n<!--\n    Title: Featured Item\n-->\n\n<!--\n    Title: Featured Grid\n    Mode: preview\n-->\n\n<section class=\"gc-updates-overview\">\n    <!--\n    Title: Container\n    Mode: preview\n    SupportsJSX: true\n    Blueprint: false\n-->\n\n\n<div class=\"gc-container gc-container--has-small-margin\">\n    <div>\n    <div class=\"gc-updates-overview__category-header\">\n        <div>\n            <h2 class=\"gc-updates-overview__category-title\">Contenu \u00e0 la une<\/h2>\n                            <div class=\"gc-updates-overview__category-subtitle\">Quelques-unes des le\u00e7ons les plus populaires et les plus importantes. \u00c0 ne pas manquer ! <\/div>\n                    <\/div>\n\n            <\/div>\n\n    <div class=\"gc-updates-overview__category-grid\">\n            <\/div>\n<\/div>\n<\/div>\n<\/section>\n<!--\n    Title: Grid with Images\n    HideFieldsInSidebar: true\n-->\n\n<section class=\"gc-grid-with-images\">\n    <!--\n    Title: Container\n    Mode: preview\n    SupportsJSX: true\n    Blueprint: false\n-->\n\n\n<div class=\"gc-container gc-container--has-padding\">\n    <div class=\"gc-grid-with-images__header\">\n                                    <h2 class=\"gc-grid-with-images__title\">\n                        Codabox pour vous\n\n                    <\/h2>\n                                                    <div class=\"gc-grid-with-images__subtitle\">\n                        Les ressources appropri\u00e9es, rassembl\u00e9es selon les besoins de votre r\u00f4le\n                    <\/div>\n                            <\/div>\n        \n                    <div class=\"gc-grid-with-images__list\">\n                                                            <a class=\"gc-grid-with-images__item\" href=\"https:\/\/codabox.com\/\" target=\"_self\">\n                            <div class=\"gc-grid-with-images__item-header\">\n                                <h3 class=\"gc-grid-with-images__item-title h4\">\n                                    Comptable\n                                <\/h3>\n                                <div class=\"gc-grid-with-images__arrow\">\n                                    <svg class='gc-grid-with-images__arrow-icon' width=\"13\" height=\"13\" viewBox=\"0 0 13 13\" fill=\"none\" xmlns=\"http:\/\/www.w3.org\/2000\/svg\">\n<path d=\"M9.02018 7.04175H-0.000650823V5.29175H9.02018L4.93685 1.22925L6.16602 8.01086e-05L12.3327 6.16675L6.16602 12.3334L4.93685 11.1042L9.02018 7.04175Z\" fill=\"currentColor\"\/>\n<\/svg>\n                                <\/div>\n                            <\/div>\n\n                            <img decoding=\"async\" width=\"352\" height=\"240\" src=\"https:\/\/cdn.codabox.com\/wp-content\/uploads\/Rectangle-157.jpg\" class=\"gc-grid-with-images__image\" alt=\"\" srcset=\"https:\/\/cdn.codabox.com\/wp-content\/uploads\/Rectangle-157.jpg 352w, https:\/\/cdn.codabox.com\/wp-content\/uploads\/Rectangle-157-300x205.jpg 300w\" sizes=\"(max-width: 352px) 100vw, 352px\" \/>                        <\/a>\n                                                                                <a class=\"gc-grid-with-images__item\" href=\"https:\/\/codabox.com\/\" target=\"_self\">\n                            <div class=\"gc-grid-with-images__item-header\">\n                                <h3 class=\"gc-grid-with-images__item-title h4\">\n                                    Chef d\u2019entreprise\n                                <\/h3>\n                                <div class=\"gc-grid-with-images__arrow\">\n                                    <svg class='gc-grid-with-images__arrow-icon' width=\"13\" height=\"13\" viewBox=\"0 0 13 13\" fill=\"none\" xmlns=\"http:\/\/www.w3.org\/2000\/svg\">\n<path d=\"M9.02018 7.04175H-0.000650823V5.29175H9.02018L4.93685 1.22925L6.16602 8.01086e-05L12.3327 6.16675L6.16602 12.3334L4.93685 11.1042L9.02018 7.04175Z\" fill=\"currentColor\"\/>\n<\/svg>\n                                <\/div>\n                            <\/div>\n\n                            <img decoding=\"async\" width=\"352\" height=\"240\" src=\"https:\/\/cdn.codabox.com\/wp-content\/uploads\/Rectangle-157.jpg\" class=\"gc-grid-with-images__image\" alt=\"\" srcset=\"https:\/\/cdn.codabox.com\/wp-content\/uploads\/Rectangle-157.jpg 352w, https:\/\/cdn.codabox.com\/wp-content\/uploads\/Rectangle-157-300x205.jpg 300w\" sizes=\"(max-width: 352px) 100vw, 352px\" \/>                        <\/a>\n                                                                                <a class=\"gc-grid-with-images__item\" href=\"#\" target=\"_self\">\n                            <div class=\"gc-grid-with-images__item-header\">\n                                <h3 class=\"gc-grid-with-images__item-title h4\">\n                                    Administration &amp; IT\n                                <\/h3>\n                                <div class=\"gc-grid-with-images__arrow\">\n                                    <svg class='gc-grid-with-images__arrow-icon' width=\"13\" height=\"13\" viewBox=\"0 0 13 13\" fill=\"none\" xmlns=\"http:\/\/www.w3.org\/2000\/svg\">\n<path d=\"M9.02018 7.04175H-0.000650823V5.29175H9.02018L4.93685 1.22925L6.16602 8.01086e-05L12.3327 6.16675L6.16602 12.3334L4.93685 11.1042L9.02018 7.04175Z\" fill=\"currentColor\"\/>\n<\/svg>\n                                <\/div>\n                            <\/div>\n\n                            <img decoding=\"async\" width=\"352\" height=\"240\" src=\"https:\/\/cdn.codabox.com\/wp-content\/uploads\/Rectangle-157.jpg\" class=\"gc-grid-with-images__image\" alt=\"\" srcset=\"https:\/\/cdn.codabox.com\/wp-content\/uploads\/Rectangle-157.jpg 352w, https:\/\/cdn.codabox.com\/wp-content\/uploads\/Rectangle-157-300x205.jpg 300w\" sizes=\"(max-width: 352px) 100vw, 352px\" \/>                        <\/a>\n                                                <\/div>\n<\/div>\n<\/section>\n<!--\n    Title: Academy Overview\n    Mode: preview\n-->\n\n<section class=\"gc-academy-overview\">\n    <!--\n    Title: Container\n    Mode: preview\n    SupportsJSX: true\n    Blueprint: false\n-->\n\n\n<div class=\"gc-container gc-container--has-margin gc-academy-overview__container\">\n    <h2 class=\"gc-academy-overview__title\">Tout le contenu<\/h2>\n            <div>Quelques-unes des le\u00e7ons les plus populaires et les plus importantes. \u00c0 ne pas manquer ! <\/div>\n        \n        <div wire:snapshot=\"{&quot;data&quot;:{&quot;selectedCategories&quot;:[[],{&quot;s&quot;:&quot;arr&quot;}],&quot;activePage&quot;:1,&quot;pages&quot;:0,&quot;button&quot;:null},&quot;memo&quot;:{&quot;id&quot;:&quot;dQ5xrhylWqRrwd1RAEZU&quot;,&quot;name&quot;:&quot;academy-overview&quot;,&quot;path&quot;:&quot;fr\\\/wp-json\\\/wp\\\/v2\\\/pages\\\/766&quot;,&quot;method&quot;:&quot;GET&quot;,&quot;release&quot;:&quot;a-a-a&quot;,&quot;children&quot;:[],&quot;scripts&quot;:[],&quot;assets&quot;:[],&quot;errors&quot;:[],&quot;locale&quot;:&quot;en&quot;},&quot;checksum&quot;:&quot;666aa28bea4899cbeed1c2371164b44d0cef1a413e5fcc8182aab252ff89b312&quot;}\" wire:effects=\"{&quot;url&quot;:{&quot;selectedCategories&quot;:{&quot;as&quot;:&quot;categories&quot;,&quot;use&quot;:&quot;replace&quot;,&quot;alwaysShow&quot;:false,&quot;except&quot;:[]},&quot;activePage&quot;:{&quot;as&quot;:null,&quot;use&quot;:&quot;replace&quot;,&quot;alwaysShow&quot;:false,&quot;except&quot;:1}}}\" wire:id=\"dQ5xrhylWqRrwd1RAEZU\" class=\"gc-academy-overview__content\" id=\"story-overview\">\n    <div class=\"gc-academy-overview__wrapper\" wire:loading.class=\"gc-academy-overview__wrapper--loading\">\n        <div class=\"gc-academy-overview__header\">\n            <!--[if BLOCK]><![endif]--><!--[if ENDBLOCK]><![endif]-->\n            <!--[if BLOCK]><![endif]--><!--[if ENDBLOCK]><![endif]-->        <\/div>\n\n        <!--[if BLOCK]><![endif]-->            <h2 class=\"gc-academy-overview__no-posts\">No posts found<\/h2>\n        <!--[if ENDBLOCK]><![endif]-->    <\/div>\n<\/div>\n<\/div>\n<\/section>\n","protected":false},"excerpt":{"rendered":"","protected":false},"author":1,"featured_media":0,"parent":0,"menu_order":0,"comment_status":"closed","ping_status":"closed","template":"","meta":{"_acf_changed":false,"footnotes":""},"class_list":["post-766","page","type-page","status-publish","hentry"],"acf":[],"_links":{"self":[{"href":"https:\/\/codabox.com\/fr\/wp-json\/wp\/v2\/pages\/766","targetHints":{"allow":["GET"]}}],"collection":[{"href":"https:\/\/codabox.com\/fr\/wp-json\/wp\/v2\/pages"}],"about":[{"href":"https:\/\/codabox.com\/fr\/wp-json\/wp\/v2\/types\/page"}],"author":[{"embeddable":true,"href":"https:\/\/codabox.com\/fr\/wp-json\/wp\/v2\/users\/1"}],"replies":[{"embeddable":true,"href":"https:\/\/codabox.com\/fr\/wp-json\/wp\/v2\/comments?post=766"}],"version-history":[{"count":3,"href":"https:\/\/codabox.com\/fr\/wp-json\/wp\/v2\/pages\/766\/revisions"}],"predecessor-version":[{"id":770,"href":"https:\/\/codabox.com\/fr\/wp-json\/wp\/v2\/pages\/766\/revisions\/770"}],"wp:attachment":[{"href":"https:\/\/codabox.com\/fr\/wp-json\/wp\/v2\/media?parent=766"}],"curies":[{"name":"wp","href":"https:\/\/api.w.org\/{rel}","templated":true}]}}