{"id":771,"date":"2026-03-02T11:33:50","date_gmt":"2026-03-02T10:33:50","guid":{"rendered":"https:\/\/codabox.com\/?page_id=771"},"modified":"2026-03-03T10:59:53","modified_gmt":"2026-03-03T09:59:53","slug":"connect-gtc","status":"publish","type":"page","link":"https:\/\/codabox.com\/fr\/connect-gtc\/","title":{"rendered":"Connect GTC"},"content":{"rendered":"<!--\n    Title: Container\n    Mode: preview\n    SupportsJSX: true\n    Blueprint: false\n-->\n\n\n<div class=\"gc-container\">\n    <div class=\"acf-innerblocks-container\">\n\n<p>Par la pr\u00e9sente, Vous donnez Votre Consentement \u00e0 ce que Codabox active le service \u00ab&nbsp;Codabox Connect&nbsp;\u00bb pour Votre Fournisseur de Logiciel concernant le(s) entreprise(s) et les Documents Comptables que Vous avez s\u00e9lectionn\u00e9s dans le Logiciel.<\/p>\n\n\n\n<p>Les conditions suivantes s\u2019appliquent \u00e0 ce Consentement :<\/p>\n\n\n\n<ol class=\"wp-block-list\">\n<li>Dans les pr\u00e9sentes conditions g\u00e9n\u00e9rales, les expressions suivantes ont la signification suivante :\n<ol class=\"wp-block-list\">\n<li>Documents Comptables : les documents comptables qui 1) se rapportent \u00e0 Vous-m\u00eames ou \u00e0 Vos entreprise(s) et qui ont \u00e9t\u00e9 collect\u00e9s par Codabox dans le cadre de Votre utilisation d\u2019un ou plusieurs Produit(s) Codabox, 2) pour lesquels le service \u00ab\u00a0Codabox Connect\u00a0\u00bb est disponible et 3) que Vous avez s\u00e9lectionn\u00e9s dans le Logiciel ;<\/li>\n\n\n\n<li>Codabox : Wolters Kluwer Belgium SA, agissant en tant que fournisseur de services Codabox, dont le si\u00e8ge social est situ\u00e9 \u00e0 2800 Mechelen, Motstraat 30 (num\u00e9ro d\u2019entreprise 0405.772.873<\/li>\n\n\n\n<li>Codabox Connect : le service fourni par Codabox \u00e0 Votre Fournisseur de Logiciel, gr\u00e2ce auquel ce dernier peut r\u00e9cup\u00e9rer aupr\u00e8s de Codabox Vos Documents Comptables via l\u2019API de Codabox afin de les livrer dans le Logiciel ;<\/li>\n\n\n\n<li>API de Codabox : l\u2019interface de programmation d\u2019application de Codabox par laquelle le service \u00ab\u00a0Codabox Connect\u00a0\u00bb est disponible pour Votre Fournisseur de Logiciel ;<\/li>\n\n\n\n<li>Produit(s) Codabox : un produit de Codabox (y compris mais non limit\u00e9 \u00e0 CODA, SODA, CARO, VOICI, VOILA) utilis\u00e9 par Vous conform\u00e9ment \u00e0 un contrat direct ou indirect avec Codabox ;<\/li>\n\n\n\n<li>Client(s) : la partie \u00e0 laquelle Vous fournissez des services comptables et pour laquelle Vous utilisez un ou plusieurs Produit(s) de Codabox<\/li>\n\n\n\n<li>Fournisseur de Logiciel : le fournisseur de Votre Logiciel ;<\/li>\n\n\n\n<li>Logiciel : le logiciel de comptabilit\u00e9 et\/ou de gestion administrative de Votre Fournisseur de Logiciel utilis\u00e9 par Vous et qui est connect\u00e9 \u00e0 Codabox via l\u2019API de Codabox dans le cadre du service \u00ab\u00a0Codabox Connect\u00a0\u00bb.<\/li>\n\n\n\n<li>Consentement : la proc\u00e9dure actuelle par laquelle Vous autorisez Codabox \u00e0 activer le service \u00ab\u00a0Codabox Connect\u00a0\u00bb pour Votre Fournisseur de Logiciel ;<\/li>\n<\/ol>\n<\/li>\n\n\n\n<li>En donnant Votre Consentement, Vous :\n<ol class=\"wp-block-list\">\n<li>Confirmez que Vous \u00eates autoris\u00e9s \u00e0 donner ce Consentement ;<\/li>\n\n\n\n<li>Autorisez Codabox \u00e0 connecter le Logiciel \u00e0 Codabox via l\u2019API de Codabox dans le cadre du service \u00ab\u00a0Codabox Connect\u00a0\u00bb;<\/li>\n\n\n\n<li>Autorisez Codabox, via l\u2019API de Codabox dans le cadre du service \u00ab\u00a0Codabox Connect\u00a0\u00bb, \u00e0 faire en sorte que les Documents Comptables des entreprise(s) que Vous avez s\u00e9lectionn\u00e9s dans le Logiciel soient r\u00e9cup\u00e9r\u00e9s par Votre Fournisseur de Logiciel ;<\/li>\n\n\n\n<li>Acceptez sans r\u00e9serve les restrictions \u00e9ventuelles que Codabox impose \u00e0 Votre Fournisseur de Logiciel en ce qui concerne le service \u00ab\u00a0Codabox Connect\u00a0\u00bb ;<\/li>\n<\/ol>\n<\/li>\n\n\n\n<li>Codabox ne Vous facture rien pour l\u2019utilisation du service \u00ab\u00a0Codabox Connect\u00a0\u00bb. Toutefois, veuillez noter que Votre Fournisseur de logiciel peut Vous facturer des frais pour ce service.<\/li>\n\n\n\n<li>Le service \u00ab\u00a0Codabox Connect\u00a0\u00bb est fourni par Codabox \u00e0 Votre Fournisseur de Logiciel. Codabox n\u2019a aucune responsabilit\u00e9 envers Vous en ce qui concerne le service \u00ab\u00a0Codabox Connect\u00a0\u00bb. Toute plainte concernant le service \u00ab\u00a0Codabox Connect\u00a0\u00bb doit \u00eatre adress\u00e9e exclusivement \u00e0 Votre Fournisseur de Logiciel.<\/li>\n\n\n\n<li>En ce qui concerne la s\u00e9lection de Vos Entreprise(s) pour lesquels le service \u00ab\u00a0Codabox Connect\u00a0\u00bb doit \u00eatre fourni, Codabox r\u00e9pondra \u00e0 toute demande faite \u00e0 Codabox par Votre Fournisseur de Logiciel via l\u2019API de Codabox, dans la mesure o\u00f9 la partie s\u00e9lectionn\u00e9e est Votre Entreprise et qu\u2019il y a des Documents Comptables disponibles pour cette partie. Codabox ne peut en aucun cas \u00eatre tenue pour responsable d\u2019un \u00e9ventuel abus de ce processus de s\u00e9lection par Votre Fournisseur de Logiciel. Codabox Vous fournira p\u00e9riodiquement une liste de toutes les parties pour lesquelles Votre Fournisseur de Logiciel a men\u00e9 un processus de s\u00e9lection en Votre nom.<\/li>\n\n\n\n<li>Vous pouvez retirer Votre Consentement \u00e0 tout moment via MyCodabox.com en tout ou en partie en ce qui concerne des Entreprise(s) sp\u00e9cifiques.<\/li>\n\n\n\n<li>Les pr\u00e9sentes conditions peuvent \u00eatre modifi\u00e9es par Codabox \u00e0 tout moment \u00e0 condition que Codabox Vous ait notifi\u00e9 une telle modification au moins un (1) mois \u00e0 l\u2019avance.<\/li>\n<\/ol>\n\n<\/div>\n<\/div>\n","protected":false},"excerpt":{"rendered":"","protected":false},"author":3,"featured_media":0,"parent":0,"menu_order":0,"comment_status":"closed","ping_status":"closed","template":"","meta":{"_acf_changed":false,"footnotes":""},"class_list":["post-771","page","type-page","status-publish","hentry"],"acf":[],"_links":{"self":[{"href":"https:\/\/codabox.com\/fr\/wp-json\/wp\/v2\/pages\/771","targetHints":{"allow":["GET"]}}],"collection":[{"href":"https:\/\/codabox.com\/fr\/wp-json\/wp\/v2\/pages"}],"about":[{"href":"https:\/\/codabox.com\/fr\/wp-json\/wp\/v2\/types\/page"}],"author":[{"embeddable":true,"href":"https:\/\/codabox.com\/fr\/wp-json\/wp\/v2\/users\/3"}],"replies":[{"embeddable":true,"href":"https:\/\/codabox.com\/fr\/wp-json\/wp\/v2\/comments?post=771"}],"version-history":[{"count":1,"href":"https:\/\/codabox.com\/fr\/wp-json\/wp\/v2\/pages\/771\/revisions"}],"predecessor-version":[{"id":772,"href":"https:\/\/codabox.com\/fr\/wp-json\/wp\/v2\/pages\/771\/revisions\/772"}],"wp:attachment":[{"href":"https:\/\/codabox.com\/fr\/wp-json\/wp\/v2\/media?parent=771"}],"curies":[{"name":"wp","href":"https:\/\/api.w.org\/{rel}","templated":true}]}}