{"id":802,"date":"2026-02-07T12:25:19","date_gmt":"2026-02-07T11:25:19","guid":{"rendered":"https:\/\/codabox.com\/pour-qui\/"},"modified":"2026-03-03T13:07:55","modified_gmt":"2026-03-03T12:07:55","slug":"pour-qui","status":"publish","type":"page","link":"https:\/\/codabox.com\/fr\/pour-qui\/","title":{"rendered":"Pour qui ?"},"content":{"rendered":"<!--\n    Title: Hero\n-->\n\n<section class=\"gc-hero\">\n    <!--\n    Title: Container\n    Mode: preview\n    SupportsJSX: true\n    Blueprint: false\n-->\n\n\n<div class=\"gc-container\">\n    <div class=\"gc-hero__box\">\n                                    <h1 class=\"gc-hero__title\">\n                Pour qui ?\n            <\/h1>\n            <div class=\"gc-hero__content\">\n                <p>Codabox accompagne les experts-comptables et les entreprises gr\u00e2ce \u00e0 un flux de documents automatis\u00e9. Que vous travailliez dans une grande fiduciaire, que vous g\u00e9riez une activit\u00e9 en solo ou que vous vous occupiez vous-m\u00eame votre comptabilit\u00e9 : nos services livrent chaque jour automatiquement les bons extraits de compte, OD de paie, factures et relev\u00e9s directement dans votre logiciel. De mani\u00e8re enti\u00e8rement \u00e9lectronique, toujours \u00e0 temps et sans d\u00e9marches suppl\u00e9mentaires.  <\/p>\n\n            <\/div>\n\n                    <\/div>\n<\/div>\n    <img fetchpriority=\"high\" width=\"1500\" height=\"750\" src=\"https:\/\/cdn.codabox.com\/wp-content\/uploads\/DaphneMatthys-Codabox-05395_resultat_resultat.webp\" class=\"gc-hero__image\" alt=\"\" loading=\"eager\" decoding=\"sync\" srcset=\"https:\/\/cdn.codabox.com\/wp-content\/uploads\/DaphneMatthys-Codabox-05395_resultat_resultat.webp 1500w, https:\/\/cdn.codabox.com\/wp-content\/uploads\/DaphneMatthys-Codabox-05395_resultat_resultat-300x150.webp 300w, https:\/\/cdn.codabox.com\/wp-content\/uploads\/DaphneMatthys-Codabox-05395_resultat_resultat-1024x512.webp 1024w, https:\/\/cdn.codabox.com\/wp-content\/uploads\/DaphneMatthys-Codabox-05395_resultat_resultat-768x384.webp 768w\" sizes=\"(max-width: 1500px) 100vw, 1500px\" \/>\n<\/section>\n<!--\n    Title: Target Groups\n-->\n\n<section class=\"gc-target-groups\">\n    <!--\n    Title: Container\n    Mode: preview\n    SupportsJSX: true\n    Blueprint: false\n-->\n\n\n<div class=\"gc-container gc-container--has-padding\">\n    <div class=\"gc-target-groups__wrapper\">\n            <div class=\"gc-target-groups__box gc-target-groups__box--left\">\n                <div class=\"gc-target-groups__box-content\">\n    <div>\n                    <div class=\"gc-target-groups__uppertitle h5\">Experts-comptables<\/div>\n                            <h3 class=\"gc-target-groups__item-title\">Gagnez du temps et am\u00e9liorez vos services<\/h3>\n                            <div><p><span style=\"font-weight: 400;\">Codabox collecte extraits de compte, donn\u00e9es salariales, relev\u00e9s de carte de cr\u00e9dit et factures \u00e0 la source et les livre automatiquement dans votre logiciel. Vous travaillez ainsi plus vite et plus efficacement. Plus de documents en retard, plus d&#8217;appels aux clients, plus besoin de faire deux fois le travail. <\/span><\/p>\n<\/div>\n            <\/div>\n            <a\n        href=\"https:\/\/codabox.com\/fr\/pour-qui\/experts-comptables\/\" class=\"gc-button gc-button--blue\">\n                    Codabox pour les experts-comptables\n        \n                    <svg class='gc-button__icon' width=\"13\" height=\"13\" viewBox=\"0 0 13 13\" fill=\"none\" xmlns=\"http:\/\/www.w3.org\/2000\/svg\">\n<path d=\"M9.02018 7.04175H-0.000650823V5.29175H9.02018L4.93685 1.22925L6.16602 8.01086e-05L12.3327 6.16675L6.16602 12.3334L4.93685 11.1042L9.02018 7.04175Z\" fill=\"currentColor\"\/>\n<\/svg>\n            <\/a>\n                    <\/div>\n                <img decoding=\"async\" width=\"400\" height=\"617\" src=\"https:\/\/cdn.codabox.com\/wp-content\/uploads\/DaphneMatthys-Codabox-05534-1.jpg\" class=\"gc-target-groups__image\" alt=\"\" srcset=\"https:\/\/cdn.codabox.com\/wp-content\/uploads\/DaphneMatthys-Codabox-05534-1.jpg 400w, https:\/\/cdn.codabox.com\/wp-content\/uploads\/DaphneMatthys-Codabox-05534-1-194x300.jpg 194w\" sizes=\"(max-width: 400px) 100vw, 400px\" \/>            <\/div>\n            <div class=\"gc-target-groups__box\">\n                <div class=\"gc-target-groups__box-content\">\n    <div>\n                    <div class=\"gc-target-groups__uppertitle h5\">Entreprises<\/div>\n                            <h3 class=\"gc-target-groups__item-title\">Une comptabilit\u00e9 correcte, sans soucis<\/h3>\n                            <div><p>En tant qu&#8217;entreprise, vous recevez automatiquement tous vos documents importants dans votre logiciel comptable. Vous n&#8217;avez rien \u00e0 r\u00e9cup\u00e9rer ni \u00e0 transmettre, et votre administration reste \u00e0 jour d&#8217;elle-m\u00eame, jour apr\u00e8s jour. <\/p>\n<\/div>\n            <\/div>\n            <a\n        href=\"https:\/\/codabox.com\/fr\/pour-qui\/entreprises\/\" class=\"gc-button gc-button--blue\">\n                    Codabox pour entreprises\n        \n                    <svg class='gc-button__icon' width=\"13\" height=\"13\" viewBox=\"0 0 13 13\" fill=\"none\" xmlns=\"http:\/\/www.w3.org\/2000\/svg\">\n<path d=\"M9.02018 7.04175H-0.000650823V5.29175H9.02018L4.93685 1.22925L6.16602 8.01086e-05L12.3327 6.16675L6.16602 12.3334L4.93685 11.1042L9.02018 7.04175Z\" fill=\"currentColor\"\/>\n<\/svg>\n            <\/a>\n                    <\/div>\n            <\/div>\n        <\/div>\n<\/div>\n<\/section>\n<!--\n    Title: Grid Boxes\n    HideFieldsInSidebar: true\n-->\n\n<section class=\"gc-grid-boxes gc-grid-boxes--blue\">\n    <!--\n    Title: Container\n    Mode: preview\n    SupportsJSX: true\n    Blueprint: false\n-->\n\n\n<div class=\"gc-container gc-container--has-padding\">\n    <div class=\"gc-grid-boxes__content\">\n                                    <h2>\n                        D\u00e9couvrez par vous-m\u00eame \u00e0 quel point l&#8217;administration \u00e9lectronique peut \u00eatre <strong>simple<\/strong>\n\n                    <\/h2>\n                                            <\/div>\n        \n                    <div class=\"gc-grid-boxes__list\">\n                                    <div class=\"gc-grid-boxes__item\">\n                        \n                                                    <h3 class=\"h4\">\n                                On vous rappelle avec plaisir !\n                            <\/h3>\n                        \n                                                    <div>\n                                <p>Posez vos questions, recevez des conseils clairs et d\u00e9couvrez si Codabox correspond \u00e0 votre fa\u00e7on de travailler. On vous recontacte rapidement. <\/p>\n\n                            <\/div>\n                        \n                                                                                    <a\n        href=\"https:\/\/codabox.com\/fr\/contactez-nous\/\" class=\"gc-button gc-button--border gc-grid-boxes__item-button\">\n                    Discutons-en\n        \n            <\/a>\n                                                                                <\/div>\n                                    <div class=\"gc-grid-boxes__item\">\n                        \n                                                    <h3 class=\"h4\">\n                                D\u00e9j\u00e0 client ? Activez les services Codabox ! \n                            <\/h3>\n                        \n                                                    <div>\n                                <p>Connectez-vous sur MyCodabox et activez CARO ou SODA pour vos clients.<\/p>\n\n                            <\/div>\n                        \n                                                                                    <a\n        href=\"https:\/\/www.mycodabox.com\/#\/login\" target=\"_blank\" class=\"gc-button gc-button--border gc-grid-boxes__item-button\">\n                    Se connecter\n        \n            <\/a>\n                                                                                <\/div>\n                            <\/div>\n<\/div>\n<\/section>\n","protected":false},"excerpt":{"rendered":"","protected":false},"author":1,"featured_media":0,"parent":0,"menu_order":0,"comment_status":"closed","ping_status":"closed","template":"","meta":{"_acf_changed":false,"footnotes":""},"class_list":["post-802","page","type-page","status-publish","hentry"],"acf":[],"_links":{"self":[{"href":"https:\/\/codabox.com\/fr\/wp-json\/wp\/v2\/pages\/802","targetHints":{"allow":["GET"]}}],"collection":[{"href":"https:\/\/codabox.com\/fr\/wp-json\/wp\/v2\/pages"}],"about":[{"href":"https:\/\/codabox.com\/fr\/wp-json\/wp\/v2\/types\/page"}],"author":[{"embeddable":true,"href":"https:\/\/codabox.com\/fr\/wp-json\/wp\/v2\/users\/1"}],"replies":[{"embeddable":true,"href":"https:\/\/codabox.com\/fr\/wp-json\/wp\/v2\/comments?post=802"}],"version-history":[{"count":3,"href":"https:\/\/codabox.com\/fr\/wp-json\/wp\/v2\/pages\/802\/revisions"}],"predecessor-version":[{"id":805,"href":"https:\/\/codabox.com\/fr\/wp-json\/wp\/v2\/pages\/802\/revisions\/805"}],"wp:attachment":[{"href":"https:\/\/codabox.com\/fr\/wp-json\/wp\/v2\/media?parent=802"}],"curies":[{"name":"wp","href":"https:\/\/api.w.org\/{rel}","templated":true}]}}