{"id":806,"date":"2026-02-07T12:26:55","date_gmt":"2026-02-07T11:26:55","guid":{"rendered":"https:\/\/codabox.com\/pour-qui\/experts-comptables\/"},"modified":"2026-03-23T16:44:17","modified_gmt":"2026-03-23T15:44:17","slug":"experts-comptables","status":"publish","type":"page","link":"https:\/\/codabox.com\/fr\/pour-qui\/experts-comptables\/","title":{"rendered":"Experts-comptables"},"content":{"rendered":"<!--\n    Title: Hero\n-->\n\n<section class=\"gc-hero\">\n    <!--\n    Title: Container\n    Mode: preview\n    SupportsJSX: true\n    Blueprint: false\n-->\n\n\n<div class=\"gc-container\">\n    <div class=\"gc-hero__box\">\n                                        <div class=\"gc-breadcrumbs gc-hero__breadcrumbs\">\n    <nav aria-label=\"breadcrumbs\" class=\"rank-math-breadcrumb\"><p><\/p><\/nav><\/div>\n                        <h1 class=\"gc-hero__title\">\n                La s\u00e9r\u00e9nit\u00e9 pour vous, une administration plus simple pour vos clients\n            <\/h1>\n            <div class=\"gc-hero__content\">\n                <ul>\n<li>Tout arrive automatiquement \u00e0 sa place<\/li>\n<li>Moins d&#8217;admin, moins de suivi<\/li>\n<li>Plus de temps pour le conseil, la planification et la valeur ajout\u00e9e. Ainsi qu&#8217;un rythme de travail plus serein.<\/li>\n<\/ul>\n\n            <\/div>\n\n                            <a\n        href=\"https:\/\/codabox.com\/fr\/demarrer-comptables\/\" class=\"gc-button gc-button--white gc-hero__button\">\n                    D\u00e9marrer avec Codabox\n        \n                    <svg class='gc-button__icon' width=\"13\" height=\"13\" viewBox=\"0 0 13 13\" fill=\"none\" xmlns=\"http:\/\/www.w3.org\/2000\/svg\">\n<path d=\"M9.02018 7.04175H-0.000650823V5.29175H9.02018L4.93685 1.22925L6.16602 8.01086e-05L12.3327 6.16675L6.16602 12.3334L4.93685 11.1042L9.02018 7.04175Z\" fill=\"currentColor\"\/>\n<\/svg>\n            <\/a>\n                            <\/div>\n<\/div>\n    <img fetchpriority=\"high\" width=\"1500\" height=\"750\" src=\"https:\/\/cdn.codabox.com\/wp-content\/uploads\/DaphneMatthys-Codabox-06205_resultat.webp\" class=\"gc-hero__image\" alt=\"\" loading=\"eager\" decoding=\"sync\" srcset=\"https:\/\/cdn.codabox.com\/wp-content\/uploads\/DaphneMatthys-Codabox-06205_resultat.webp 1500w, https:\/\/cdn.codabox.com\/wp-content\/uploads\/DaphneMatthys-Codabox-06205_resultat-300x150.webp 300w, https:\/\/cdn.codabox.com\/wp-content\/uploads\/DaphneMatthys-Codabox-06205_resultat-1024x512.webp 1024w, https:\/\/cdn.codabox.com\/wp-content\/uploads\/DaphneMatthys-Codabox-06205_resultat-768x384.webp 768w\" sizes=\"(max-width: 1500px) 100vw, 1500px\" \/>\n<\/section>\n\n\n<!--\n    Title: Logos\n-->\n\n<section class=\"gc-logos\" x-data=\"logos\">\n    <!--\n    Title: Container\n    Mode: preview\n    SupportsJSX: true\n    Blueprint: false\n-->\n\n\n<div class=\"gc-container gc-container--has-margin\">\n    <div class=\"gc-logos__top\">\n                                        <h2 class=\"gc-logos__title\">\n                    Quelques-uns de nos clients les plus fid\u00e8les\n                <\/h2>\n                                <\/div>\n                    <div class=\"gc-logos__list splide\" x-ref=\"slider\">\n                <div class=\"gc-logos__track splide__track\">\n                    <ul class=\"splide__list\">\n                                                    <li class=\"splide__slide gc-logos__item\">\n                                <img decoding=\"async\" width=\"1024\" height=\"518\" src=\"https:\/\/cdn.codabox.com\/wp-content\/uploads\/konsilanto_RGB-1024x518.jpg\" class=\"gc-logos__image\" alt=\"\" srcset=\"https:\/\/cdn.codabox.com\/wp-content\/uploads\/konsilanto_RGB-1024x518.jpg 1024w, https:\/\/cdn.codabox.com\/wp-content\/uploads\/konsilanto_RGB-300x152.jpg 300w, https:\/\/cdn.codabox.com\/wp-content\/uploads\/konsilanto_RGB-768x389.jpg 768w, https:\/\/cdn.codabox.com\/wp-content\/uploads\/konsilanto_RGB-1536x777.jpg 1536w, https:\/\/cdn.codabox.com\/wp-content\/uploads\/konsilanto_RGB-2048x1036.jpg 2048w\" sizes=\"(max-width: 1024px) 100vw, 1024px\" \/>                            <\/li>\n                                                    <li class=\"splide__slide gc-logos__item\">\n                                <img decoding=\"async\" width=\"200\" height=\"200\" src=\"https:\/\/cdn.codabox.com\/wp-content\/uploads\/dekleineprins_logo.jpg\" class=\"gc-logos__image\" alt=\"\" srcset=\"https:\/\/cdn.codabox.com\/wp-content\/uploads\/dekleineprins_logo.jpg 200w, https:\/\/cdn.codabox.com\/wp-content\/uploads\/dekleineprins_logo-150x150.jpg 150w\" sizes=\"(max-width: 200px) 100vw, 200px\" \/>                            <\/li>\n                                                    <li class=\"splide__slide gc-logos__item\">\n                                <img decoding=\"async\" width=\"118\" height=\"48\" src=\"https:\/\/cdn.codabox.com\/wp-content\/uploads\/vbw-accountants_logo-1.png\" class=\"gc-logos__image\" alt=\"\" \/>                            <\/li>\n                                                    <li class=\"splide__slide gc-logos__item\">\n                                <img decoding=\"async\" width=\"52\" height=\"52\" src=\"https:\/\/cdn.codabox.com\/wp-content\/uploads\/logoaccm-1.jpg\" class=\"gc-logos__image\" alt=\"\" \/>                            <\/li>\n                                                    <li class=\"splide__slide gc-logos__item\">\n                                <img decoding=\"async\" width=\"117\" height=\"44\" src=\"https:\/\/cdn.codabox.com\/wp-content\/uploads\/PNG-LOGO-.png-copy-1.png\" class=\"gc-logos__image\" alt=\"\" \/>                            <\/li>\n                                                    <li class=\"splide__slide gc-logos__item\">\n                                <img decoding=\"async\" width=\"117\" height=\"32\" src=\"https:\/\/cdn.codabox.com\/wp-content\/uploads\/lieutenant-guillaume-logo-white-1.svg\" class=\"gc-logos__image\" alt=\"\" \/>                            <\/li>\n                                                    <li class=\"splide__slide gc-logos__item\">\n                                <img decoding=\"async\" width=\"124\" height=\"64\" src=\"https:\/\/cdn.codabox.com\/wp-content\/uploads\/1630537821838-1.svg\" class=\"gc-logos__image\" alt=\"\" \/>                            <\/li>\n                                                    <li class=\"splide__slide gc-logos__item\">\n                                <img decoding=\"async\" width=\"112\" height=\"26\" src=\"https:\/\/cdn.codabox.com\/wp-content\/uploads\/logo-klever-1.svg\" class=\"gc-logos__image\" alt=\"\" \/>                            <\/li>\n                                            <\/ul>\n                <\/div>\n            <\/div>\n<\/div>\n<\/section>\n\n\n<!--\n    Title: Call to Action\n-->\n\n<section class=\"gc-cta gc-cta--small\">\n    <!--\n    Title: Container\n    Mode: preview\n    SupportsJSX: true\n    Blueprint: false\n-->\n\n\n<div class=\"gc-container gc-container--has-small-margin gc-cta__container\">\n    <h2 class=\"gc-cta__title\">\n                Nos produits en un coup d&#8217;oeil\n\n            <\/h2>\n<\/div>\n<\/section>\n\n\n<!--\n    Title: Content with visual\n    HideFieldsInSidebar: true\n-->\n\n<section class=\"gc-cwv gc-cwv--is-reversed\">\n    <!--\n    Title: Container\n    Mode: preview\n    SupportsJSX: true\n    Blueprint: false\n-->\n\n\n<div class=\"gc-container gc-container--has-small-margin gc-container--small gc-cwv__container\">\n    <div class=\"gc-cwv__first-column\">\n            <figure class=\"gc-cwv__image-wrapper\">\n            <img decoding=\"async\" width=\"1024\" height=\"819\" src=\"https:\/\/cdn.codabox.com\/wp-content\/uploads\/DaphneMatthys-Codabox-06204_resultat_resultat-1024x819.webp\" class=\"gc-cwv__image\" alt=\"\" data-no-lazy=\"\" srcset=\"https:\/\/cdn.codabox.com\/wp-content\/uploads\/DaphneMatthys-Codabox-06204_resultat_resultat-1024x819.webp 1024w, https:\/\/cdn.codabox.com\/wp-content\/uploads\/DaphneMatthys-Codabox-06204_resultat_resultat-300x240.webp 300w, https:\/\/cdn.codabox.com\/wp-content\/uploads\/DaphneMatthys-Codabox-06204_resultat_resultat-768x614.webp 768w, https:\/\/cdn.codabox.com\/wp-content\/uploads\/DaphneMatthys-Codabox-06204_resultat_resultat.webp 1250w\" sizes=\"(max-width: 1024px) 100vw, 1024px\" \/>        <\/figure>\n            <\/div>\n        <div class=\"gc-cwv__second-column\">\n            <div class=\"gc-cwv__content\">\n                    <div class=\"gc-cwv__uppertitle\">\n                CODA\n\n            <\/div>\n                <h2 class=\"gc-cwv__title h3\">\n\t\tExtraits de compte \u00e9lectroniques, directement dans votre logiciel comptable\n\t<\/h2>        <div class=\"gc-cwv__text\">\n            <ul>\n<li>Ultra-fiable : chaque matin avant 8 heures, tous les extraits sont disponibles dans votre logiciel<\/li>\n<li>Pr\u00eat \u00e0 l&#8217;emploi : tri\u00e9, num\u00e9rot\u00e9 et contr\u00f4l\u00e9<\/li>\n<li>Durable : pas de consentement \u00e0 renouveler tous les 90 jours comme avec PSD2, tout tourne tout seul<\/li>\n<\/ul>\n\n        <\/div>\n                    <div class=\"gc-cwv__buttons\">\n                                                        <a\n        href=\"https:\/\/codabox.com\/fr\/produits\/coda\/\" class=\"gc-button gc-button--blue\">\n        \n                    En savoir plus sur CODA\n                            <svg class='gc-button__icon' width=\"13\" height=\"13\" viewBox=\"0 0 13 13\" fill=\"none\" xmlns=\"http:\/\/www.w3.org\/2000\/svg\">\n<path d=\"M9.02018 7.04175H-0.000650823V5.29175H9.02018L4.93685 1.22925L6.16602 8.01086e-05L12.3327 6.16675L6.16602 12.3334L4.93685 11.1042L9.02018 7.04175Z\" fill=\"currentColor\"\/>\n<\/svg>\n            <\/a>\n                                    <\/div>\n            <\/div>\n        <\/div>\n<\/div>\n<\/section>\n\n\n<!--\n    Title: Content with visual\n    HideFieldsInSidebar: true\n-->\n\n<section class=\"gc-cwv\">\n    <!--\n    Title: Container\n    Mode: preview\n    SupportsJSX: true\n    Blueprint: false\n-->\n\n\n<div class=\"gc-container gc-container--has-small-margin gc-container--small gc-cwv__container\">\n    <div class=\"gc-cwv__first-column\">\n            <figure class=\"gc-cwv__image-wrapper\">\n            <img decoding=\"async\" width=\"1024\" height=\"819\" src=\"https:\/\/cdn.codabox.com\/wp-content\/uploads\/DaphneMatthys-Codabox-06796_resultat-1024x819.webp\" class=\"gc-cwv__image\" alt=\"\" data-no-lazy=\"\" srcset=\"https:\/\/cdn.codabox.com\/wp-content\/uploads\/DaphneMatthys-Codabox-06796_resultat-1024x819.webp 1024w, https:\/\/cdn.codabox.com\/wp-content\/uploads\/DaphneMatthys-Codabox-06796_resultat-300x240.webp 300w, https:\/\/cdn.codabox.com\/wp-content\/uploads\/DaphneMatthys-Codabox-06796_resultat-768x614.webp 768w, https:\/\/cdn.codabox.com\/wp-content\/uploads\/DaphneMatthys-Codabox-06796_resultat.webp 1500w\" sizes=\"(max-width: 1024px) 100vw, 1024px\" \/>        <\/figure>\n            <\/div>\n        <div class=\"gc-cwv__second-column\">\n            <div class=\"gc-cwv__content\">\n                    <div class=\"gc-cwv__uppertitle\">\n                <strong>SODA<\/strong>\n\n            <\/div>\n                <h2 class=\"gc-cwv__title h3\">\n\t\t\u00c9critures de paie \u00e9lectroniques de tous les secr\u00e9tariats sociaux, pr\u00eates \u00e0 l&#039;emploi\n\t<\/h2>        <div class=\"gc-cwv__text\">\n            <ul>\n<li>Les donn\u00e9es salariales sont r\u00e9cup\u00e9r\u00e9es automatiquement \u00e0 la source<\/li>\n<li>\u00c9critures de paie enti\u00e8rement pr\u00e9par\u00e9es, corrections incluses<\/li>\n<li>Donn\u00e9es salariales actualis\u00e9es, imm\u00e9diatement disponibles dans votre logiciel et class\u00e9es sur les bons comptes<\/li>\n<\/ul>\n\n        <\/div>\n                    <div class=\"gc-cwv__buttons\">\n                                                        <a\n        href=\"https:\/\/codabox.com\/fr\/produits\/soda\/\" class=\"gc-button gc-button--blue\">\n        \n                    En savoir plus sur SODA\n                            <svg class='gc-button__icon' width=\"13\" height=\"13\" viewBox=\"0 0 13 13\" fill=\"none\" xmlns=\"http:\/\/www.w3.org\/2000\/svg\">\n<path d=\"M9.02018 7.04175H-0.000650823V5.29175H9.02018L4.93685 1.22925L6.16602 8.01086e-05L12.3327 6.16675L6.16602 12.3334L4.93685 11.1042L9.02018 7.04175Z\" fill=\"currentColor\"\/>\n<\/svg>\n            <\/a>\n                                    <\/div>\n            <\/div>\n        <\/div>\n<\/div>\n<\/section>\n\n\n<!--\n    Title: Content with visual\n    HideFieldsInSidebar: true\n-->\n\n<section class=\"gc-cwv gc-cwv--is-reversed\">\n    <!--\n    Title: Container\n    Mode: preview\n    SupportsJSX: true\n    Blueprint: false\n-->\n\n\n<div class=\"gc-container gc-container--has-small-margin gc-container--small gc-cwv__container\">\n    <div class=\"gc-cwv__first-column\">\n            <figure class=\"gc-cwv__image-wrapper\">\n            <img decoding=\"async\" width=\"1024\" height=\"819\" src=\"https:\/\/cdn.codabox.com\/wp-content\/uploads\/DaphneMatthys-Codabox-05442_resultat_resultat-1024x819.webp\" class=\"gc-cwv__image\" alt=\"\" data-no-lazy=\"\" srcset=\"https:\/\/cdn.codabox.com\/wp-content\/uploads\/DaphneMatthys-Codabox-05442_resultat_resultat-1024x819.webp 1024w, https:\/\/cdn.codabox.com\/wp-content\/uploads\/DaphneMatthys-Codabox-05442_resultat_resultat-300x240.webp 300w, https:\/\/cdn.codabox.com\/wp-content\/uploads\/DaphneMatthys-Codabox-05442_resultat_resultat-768x614.webp 768w, https:\/\/cdn.codabox.com\/wp-content\/uploads\/DaphneMatthys-Codabox-05442_resultat_resultat.webp 1500w\" sizes=\"(max-width: 1024px) 100vw, 1024px\" \/>        <\/figure>\n            <\/div>\n        <div class=\"gc-cwv__second-column\">\n            <div class=\"gc-cwv__content\">\n                    <div class=\"gc-cwv__uppertitle\">\n                <strong>VOILA<\/strong>\n\n            <\/div>\n                <h2 class=\"gc-cwv__title h3\">\n\t\tLes factures digitales de vos clients, r\u00e9gl\u00e9 comme une horloge\n\t<\/h2>        <div class=\"gc-cwv__text\">\n            <ul>\n<li>Les factures via PEPPOL et Zoomit arrivent automatiquement<\/li>\n<li>Toujours dans le m\u00eame format et au bon endroit<\/li>\n<li>Un compl\u00e9ment logique \u00e0 vos autres services Codabox, pour un flux de documents enti\u00e8rement \u00e9lectronique<\/li>\n<\/ul>\n\n        <\/div>\n                    <div class=\"gc-cwv__buttons\">\n                                                        <a\n        href=\"https:\/\/codabox.com\/fr\/produits\/voila\/\" class=\"gc-button gc-button--blue\">\n        \n                    En savoir plus sur VOILA\n                            <svg class='gc-button__icon' width=\"13\" height=\"13\" viewBox=\"0 0 13 13\" fill=\"none\" xmlns=\"http:\/\/www.w3.org\/2000\/svg\">\n<path d=\"M9.02018 7.04175H-0.000650823V5.29175H9.02018L4.93685 1.22925L6.16602 8.01086e-05L12.3327 6.16675L6.16602 12.3334L4.93685 11.1042L9.02018 7.04175Z\" fill=\"currentColor\"\/>\n<\/svg>\n            <\/a>\n                                    <\/div>\n            <\/div>\n        <\/div>\n<\/div>\n<\/section>\n\n\n<!--\n    Title: Call to Action\n-->\n\n<section class=\"gc-cta gc-cta--small\">\n    <!--\n    Title: Container\n    Mode: preview\n    SupportsJSX: true\n    Blueprint: false\n-->\n\n\n<div class=\"gc-container gc-container--has-small-margin gc-cta__container\">\n    <div class=\"gc-cta__bottom\">\n                                    <a\n        href=\"https:\/\/codabox.com\/fr\/produits\/\" class=\"gc-button gc-button--blue\">\n                    D\u00e9couvrir l&#039;offre compl\u00e8te\n        \n                    <svg class='gc-button__icon' width=\"13\" height=\"13\" viewBox=\"0 0 13 13\" fill=\"none\" xmlns=\"http:\/\/www.w3.org\/2000\/svg\">\n<path d=\"M9.02018 7.04175H-0.000650823V5.29175H9.02018L4.93685 1.22925L6.16602 8.01086e-05L12.3327 6.16675L6.16602 12.3334L4.93685 11.1042L9.02018 7.04175Z\" fill=\"currentColor\"\/>\n<\/svg>\n            <\/a>\n                                    <\/div>\n<\/div>\n<\/section>\n\n\n<!--\n    Title: Carousel Boxes\n-->\n\n<section class=\"gc-carousel-boxes\" x-data=\"carouselBoxes\">\n    <!--\n    Title: Container\n    Mode: preview\n    SupportsJSX: true\n    Blueprint: false\n-->\n\n\n<div class=\"gc-container gc-container--has-padding\">\n    <div class=\"gc-carousel-boxes__header\">\n                <h2 class=\"gc-carousel-boxes__title\">\n                    <strong>6.040<\/strong> experts-comptables vous ont pr\u00e9c\u00e9d\u00e9\n\n                <\/h2>\n\n                                    <div class=\"gc-carousel-boxes__nav\">\n                        <button class=\"gc-carousel-boxes__button-nav\" @click=\"previous()\" aria-label=\"Previous Item\">\n                            <svg class='gc-carousel-boxes__arrow gc-carousel-boxes__arrow--prev' width=\"13\" height=\"13\" viewBox=\"0 0 13 13\" fill=\"none\" xmlns=\"http:\/\/www.w3.org\/2000\/svg\">\n<path d=\"M9.02018 7.04175H-0.000650823V5.29175H9.02018L4.93685 1.22925L6.16602 8.01086e-05L12.3327 6.16675L6.16602 12.3334L4.93685 11.1042L9.02018 7.04175Z\" fill=\"currentColor\"\/>\n<\/svg>\n                        <\/button>\n                        <button class=\"gc-carousel-boxes__button-nav\" @click=\"next()\" aria-label=\"Next Item\">\n                            <svg class='gc-carousel-boxes__arrow' width=\"13\" height=\"13\" viewBox=\"0 0 13 13\" fill=\"none\" xmlns=\"http:\/\/www.w3.org\/2000\/svg\">\n<path d=\"M9.02018 7.04175H-0.000650823V5.29175H9.02018L4.93685 1.22925L6.16602 8.01086e-05L12.3327 6.16675L6.16602 12.3334L4.93685 11.1042L9.02018 7.04175Z\" fill=\"currentColor\"\/>\n<\/svg>\n                        <\/button>\n                    <\/div>\n                            <\/div>\n        \n                    <div class=\"splide\" x-ref=\"slider\">\n                <div class=\"gc-carousel-boxes__track splide__track\">\n                    <ul class=\"splide__list gc-carousel-boxes__list\">\n                                                    <li class=\"splide__slide gc-carousel-boxes__item\">\n                                                                    <div class=\"gc-carousel-boxes__number h2\">\n                                        30\n                                    <\/div>\n                                \n                                                                    <h3 class=\"gc-carousel-boxes__item-title h5\">\n                                        jours par an\n                                    <\/h3>\n                                \n                                                                    <div class=\"gc-carousel-boxes__description\">\n                                        <p>FVS Services r\u00e9alise des \u00e9conomies gr\u00e2ce \u00e0 SODA lors du traitement de sa paie en \u00e9liminant les contr\u00f4les manuels.<\/p>\n\n                                    <\/div>\n                                                            <\/li>\n                                                    <li class=\"splide__slide gc-carousel-boxes__item\">\n                                                                    <div class=\"gc-carousel-boxes__number h2\">\n                                        -86%\n                                    <\/div>\n                                \n                                                                    <h3 class=\"gc-carousel-boxes__item-title h5\">\n                                        Marge d&#039;erreur\n                                    <\/h3>\n                                \n                                                                    <div class=\"gc-carousel-boxes__description\">\n                                        <p>Figestco a consid\u00e9rablement r\u00e9duit la marge d&#8217;erreur humaine en utilisant CODA.<\/p>\n\n                                    <\/div>\n                                                            <\/li>\n                                            <\/ul>\n                <\/div>\n            <\/div>\n        \n                    <a\n        href=\"https:\/\/codabox.com\/fr\/temoignages\/\" class=\"gc-button gc-button--blue gc-carousel-boxes__button\">\n                    Lisez d&#039;autres t\u00e9moignages\n        \n                    <svg class='gc-button__icon' width=\"13\" height=\"13\" viewBox=\"0 0 13 13\" fill=\"none\" xmlns=\"http:\/\/www.w3.org\/2000\/svg\">\n<path d=\"M9.02018 7.04175H-0.000650823V5.29175H9.02018L4.93685 1.22925L6.16602 8.01086e-05L12.3327 6.16675L6.16602 12.3334L4.93685 11.1042L9.02018 7.04175Z\" fill=\"currentColor\"\/>\n<\/svg>\n            <\/a>\n<\/div>\n<\/section>\n\n\n\n\n<!--\n    Title: Call to Action\n-->\n\n<section class=\"gc-cta gc-cta--blue\">\n    <!--\n    Title: Container\n    Mode: preview\n    SupportsJSX: true\n    Blueprint: false\n-->\n\n\n<div class=\"gc-container gc-container--has-padding gc-cta__container\">\n    <h2 class=\"gc-cta__title\">\n                D\u00e9couvrez par vous-m\u00eame la <strong>s\u00e9r\u00e9nit\u00e9<\/strong><br \/>\nd&#8217;une administration sans erreur.\n\n            <\/h2>\n                            <div class=\"gc-cta__bottom\">\n                                    <a\n        href=\"https:\/\/codabox.com\/fr\/demarrer-comptables\/\" class=\"gc-button gc-button--blue\">\n                    D\u00e9marrer\n        \n                    <svg class='gc-button__icon' width=\"13\" height=\"13\" viewBox=\"0 0 13 13\" fill=\"none\" xmlns=\"http:\/\/www.w3.org\/2000\/svg\">\n<path d=\"M9.02018 7.04175H-0.000650823V5.29175H9.02018L4.93685 1.22925L6.16602 8.01086e-05L12.3327 6.16675L6.16602 12.3334L4.93685 11.1042L9.02018 7.04175Z\" fill=\"currentColor\"\/>\n<\/svg>\n            <\/a>\n                                            <a\n        href=\"https:\/\/www.mycodabox.com\/#\/login\" target=\"_blank\" class=\"gc-button gc-button--border\">\n                    Se connecter \u00e0 MyCodabox\n        \n            <\/a>\n                                    <\/div>\n<\/div>\n<\/section>\n","protected":false},"excerpt":{"rendered":"","protected":false},"author":1,"featured_media":0,"parent":802,"menu_order":0,"comment_status":"closed","ping_status":"closed","template":"","meta":{"_acf_changed":false,"footnotes":""},"class_list":["post-806","page","type-page","status-publish","hentry"],"acf":[],"_links":{"self":[{"href":"https:\/\/codabox.com\/fr\/wp-json\/wp\/v2\/pages\/806","targetHints":{"allow":["GET"]}}],"collection":[{"href":"https:\/\/codabox.com\/fr\/wp-json\/wp\/v2\/pages"}],"about":[{"href":"https:\/\/codabox.com\/fr\/wp-json\/wp\/v2\/types\/page"}],"author":[{"embeddable":true,"href":"https:\/\/codabox.com\/fr\/wp-json\/wp\/v2\/users\/1"}],"replies":[{"embeddable":true,"href":"https:\/\/codabox.com\/fr\/wp-json\/wp\/v2\/comments?post=806"}],"version-history":[{"count":8,"href":"https:\/\/codabox.com\/fr\/wp-json\/wp\/v2\/pages\/806\/revisions"}],"predecessor-version":[{"id":1479,"href":"https:\/\/codabox.com\/fr\/wp-json\/wp\/v2\/pages\/806\/revisions\/1479"}],"up":[{"embeddable":true,"href":"https:\/\/codabox.com\/fr\/wp-json\/wp\/v2\/pages\/802"}],"wp:attachment":[{"href":"https:\/\/codabox.com\/fr\/wp-json\/wp\/v2\/media?parent=806"}],"curies":[{"name":"wp","href":"https:\/\/api.w.org\/{rel}","templated":true}]}}